{"id":673,"date":"2022-12-27T17:48:08","date_gmt":"2022-12-27T16:48:08","guid":{"rendered":"https:\/\/stylfront.pl\/nowa_strona\/?page_id=673"},"modified":"2022-12-27T17:48:33","modified_gmt":"2022-12-27T16:48:33","slug":"hades","status":"publish","type":"page","link":"https:\/\/stylfront.pl\/en\/fronty-drewniane\/hades\/","title":{"rendered":"HADES"},"content":{"rendered":"\n<div id=\"wp-block-themeisle-blocks-advanced-columns-a1e987d5\" class=\"wp-block-themeisle-blocks-advanced-columns has-2-columns has-desktop-equal-layout has-tablet-equal-layout has-mobile-collapsedRows-layout has-vertical-unset\"><div class=\"wp-block-themeisle-blocks-advanced-columns-overlay\"><\/div><div class=\"innerblocks-wrap\">\n<div id=\"wp-block-themeisle-blocks-advanced-column-8736298c\" class=\"wp-block-themeisle-blocks-advanced-column\">\n<div style=\"height:50px\" aria-hidden=\"true\" class=\"wp-block-spacer\"><\/div>\n\n\n\n<span id=\"wp-block-themeisle-blocks-advanced-heading-acff9ebd\" class=\"wp-block-themeisle-blocks-advanced-heading wp-block-themeisle-blocks-advanced-heading-acff9ebd\">FRONTY DREWNIANE<\/span>\n\n\n\n<h2 class=\"wp-block-themeisle-blocks-advanced-heading wp-block-themeisle-blocks-advanced-heading-a3e4dce8 wp-block-heading\" id=\"wp-block-themeisle-blocks-advanced-heading-a3e4dce8\">HADES<\/h2>\n\n\n\n<p class=\"has-text-align-left\">D\u0104B RAL 7047 Front drewniany czopowy Ramiak: drewno (80&#215;20 mm) P\u0142ycina: MDF fornirowana oklein\u0105 naturaln\u0105 Nie wyst\u0119puj\u0105 gi\u0119te<\/p>\n\n\n<div class=\"wp-block-image\">\n<figure class=\"alignright size-full\"><img fetchpriority=\"high\" decoding=\"async\" width=\"280\" height=\"380\" src=\"https:\/\/stylfront.pl\/nowa_strona\/wp-content\/uploads\/2022\/12\/front-HADES.jpg\" alt=\"\" class=\"wp-image-710\" srcset=\"https:\/\/stylfront.pl\/wp-content\/uploads\/2022\/12\/front-HADES.jpg 280w, https:\/\/stylfront.pl\/wp-content\/uploads\/2022\/12\/front-HADES-221x300.jpg 221w\" sizes=\"(max-width: 280px) 100vw, 280px\" \/><\/figure>\n<\/div><\/div>\n\n\n\n<div id=\"wp-block-themeisle-blocks-advanced-column-8eea2065\" class=\"wp-block-themeisle-blocks-advanced-column\">\n<div style=\"height:50px\" aria-hidden=\"true\" class=\"wp-block-spacer\"><\/div>\n\n\n<div class=\"wp-block-image\">\n<figure class=\"aligncenter size-full\"><img decoding=\"async\" width=\"320\" height=\"580\" src=\"https:\/\/stylfront.pl\/nowa_strona\/wp-content\/uploads\/2022\/12\/front-HADES-2.jpg\" alt=\"\" class=\"wp-image-711\" srcset=\"https:\/\/stylfront.pl\/wp-content\/uploads\/2022\/12\/front-HADES-2.jpg 320w, https:\/\/stylfront.pl\/wp-content\/uploads\/2022\/12\/front-HADES-2-166x300.jpg 166w\" sizes=\"(max-width: 320px) 100vw, 320px\" \/><\/figure>\n<\/div>\n\n\n<div class=\"wp-block-buttons is-layout-flex wp-block-buttons-is-layout-flex\"><\/div>\n<\/div>\n<\/div><\/div>\n\n\n\n<p><strong>UWAGA:&nbsp;<\/strong>Ze wzgl\u0119du na naturalne cechy drewna, kolory oraz struktura drewna prezentowanych produkt\u00f3w mog\u0105 r\u00f3\u017cni\u0107 si\u0119 od kolor\u00f3w rzeczywistych.<\/p>\n\n\n\n<div style=\"height:100px\" aria-hidden=\"true\" class=\"wp-block-spacer\"><\/div>\n","protected":false},"excerpt":{"rendered":"<p>UWAGA:&nbsp;Ze wzgl\u0119du na naturalne cechy drewna, kolory oraz struktura drewna prezentowanych produkt\u00f3w mog\u0105 r\u00f3\u017cni\u0107 si\u0119 od kolor\u00f3w rzeczywistych.<\/p>\n","protected":false},"author":1,"featured_media":0,"parent":463,"menu_order":0,"comment_status":"closed","ping_status":"closed","template":"","meta":{"neve_meta_sidebar":"","neve_meta_container":"","neve_meta_enable_content_width":"","neve_meta_content_width":0,"neve_meta_title_alignment":"","neve_meta_author_avatar":"","neve_post_elements_order":"","neve_meta_disable_header":"","neve_meta_disable_footer":"","neve_meta_disable_title":"","neve_meta_reading_time":"","_themeisle_gutenberg_block_has_review":false,"footnotes":""},"class_list":["post-673","page","type-page","status-publish","hentry"],"yoast_head":"<!-- This site is optimized with the Yoast SEO plugin v26.7 - https:\/\/yoast.com\/wordpress\/plugins\/seo\/ -->\n<title>HADES - Stylfront<\/title>\n<meta name=\"robots\" content=\"index, follow, max-snippet:-1, max-image-preview:large, max-video-preview:-1\" \/>\n<link rel=\"canonical\" href=\"https:\/\/stylfront.pl\/en\/fronty-drewniane\/hades\/\" \/>\n<meta property=\"og:locale\" content=\"en_US\" \/>\n<meta property=\"og:locale:alternate\" content=\"pl_PL\" \/>\n<meta property=\"og:type\" content=\"article\" \/>\n<meta property=\"og:title\" content=\"HADES - Stylfront\" \/>\n<meta property=\"og:description\" content=\"UWAGA:&nbsp;Ze wzgl\u0119du na naturalne cechy drewna, kolory oraz struktura drewna prezentowanych produkt\u00f3w mog\u0105 r\u00f3\u017cni\u0107 si\u0119 od kolor\u00f3w rzeczywistych.\" \/>\n<meta property=\"og:url\" content=\"https:\/\/stylfront.pl\/en\/fronty-drewniane\/hades\/\" \/>\n<meta property=\"og:site_name\" content=\"Stylfront\" \/>\n<meta property=\"article:publisher\" content=\"https:\/\/www.facebook.com\/stylfront\" \/>\n<meta property=\"article:modified_time\" content=\"2022-12-27T16:48:33+00:00\" \/>\n<meta property=\"og:image\" content=\"https:\/\/stylfront.pl\/nowa_strona\/wp-content\/uploads\/2022\/12\/front-HADES.jpg\" \/>\n<meta name=\"twitter:card\" content=\"summary_large_image\" \/>\n<script type=\"application\/ld+json\" class=\"yoast-schema-graph\">{\"@context\":\"https:\/\/schema.org\",\"@graph\":[{\"@type\":\"WebPage\",\"@id\":\"https:\/\/stylfront.pl\/fronty-drewniane\/hades\/\",\"url\":\"https:\/\/stylfront.pl\/fronty-drewniane\/hades\/\",\"name\":\"HADES - Stylfront\",\"isPartOf\":{\"@id\":\"https:\/\/stylfront.pl\/#website\"},\"primaryImageOfPage\":{\"@id\":\"https:\/\/stylfront.pl\/fronty-drewniane\/hades\/#primaryimage\"},\"image\":{\"@id\":\"https:\/\/stylfront.pl\/fronty-drewniane\/hades\/#primaryimage\"},\"thumbnailUrl\":\"https:\/\/stylfront.pl\/nowa_strona\/wp-content\/uploads\/2022\/12\/front-HADES.jpg\",\"datePublished\":\"2022-12-27T16:48:08+00:00\",\"dateModified\":\"2022-12-27T16:48:33+00:00\",\"breadcrumb\":{\"@id\":\"https:\/\/stylfront.pl\/fronty-drewniane\/hades\/#breadcrumb\"},\"inLanguage\":\"en-US\",\"potentialAction\":[{\"@type\":\"ReadAction\",\"target\":[\"https:\/\/stylfront.pl\/fronty-drewniane\/hades\/\"]}]},{\"@type\":\"ImageObject\",\"inLanguage\":\"en-US\",\"@id\":\"https:\/\/stylfront.pl\/fronty-drewniane\/hades\/#primaryimage\",\"url\":\"https:\/\/stylfront.pl\/nowa_strona\/wp-content\/uploads\/2022\/12\/front-HADES.jpg\",\"contentUrl\":\"https:\/\/stylfront.pl\/nowa_strona\/wp-content\/uploads\/2022\/12\/front-HADES.jpg\"},{\"@type\":\"BreadcrumbList\",\"@id\":\"https:\/\/stylfront.pl\/fronty-drewniane\/hades\/#breadcrumb\",\"itemListElement\":[{\"@type\":\"ListItem\",\"position\":1,\"name\":\"Strona g\u0142\u00f3wna\",\"item\":\"https:\/\/stylfront.pl\/\"},{\"@type\":\"ListItem\",\"position\":2,\"name\":\"Fronty drewniane\",\"item\":\"https:\/\/stylfront.pl\/fronty-drewniane\/\"},{\"@type\":\"ListItem\",\"position\":3,\"name\":\"HADES\"}]},{\"@type\":\"WebSite\",\"@id\":\"https:\/\/stylfront.pl\/#website\",\"url\":\"https:\/\/stylfront.pl\/\",\"name\":\"Stylfront\",\"description\":\"Fronty meblowe \/ kuchenne na wymiar\",\"publisher\":{\"@id\":\"https:\/\/stylfront.pl\/#organization\"},\"potentialAction\":[{\"@type\":\"SearchAction\",\"target\":{\"@type\":\"EntryPoint\",\"urlTemplate\":\"https:\/\/stylfront.pl\/?s={search_term_string}\"},\"query-input\":{\"@type\":\"PropertyValueSpecification\",\"valueRequired\":true,\"valueName\":\"search_term_string\"}}],\"inLanguage\":\"en-US\"},{\"@type\":\"Organization\",\"@id\":\"https:\/\/stylfront.pl\/#organization\",\"name\":\"Stylfront\",\"url\":\"https:\/\/stylfront.pl\/\",\"logo\":{\"@type\":\"ImageObject\",\"inLanguage\":\"en-US\",\"@id\":\"https:\/\/stylfront.pl\/#\/schema\/logo\/image\/\",\"url\":\"https:\/\/stylfront.pl\/wp-content\/uploads\/2023\/06\/logo-Stylfront.png\",\"contentUrl\":\"https:\/\/stylfront.pl\/wp-content\/uploads\/2023\/06\/logo-Stylfront.png\",\"width\":365,\"height\":100,\"caption\":\"Stylfront\"},\"image\":{\"@id\":\"https:\/\/stylfront.pl\/#\/schema\/logo\/image\/\"},\"sameAs\":[\"https:\/\/www.facebook.com\/stylfront\",\"https:\/\/www.youtube.com\/watch?v=XCCMCF2nz6M\",\"https:\/\/www.instagram.com\/stylfront\/\"]}]}<\/script>\n<!-- \/ Yoast SEO plugin. -->","yoast_head_json":{"title":"HADES - Stylfront","robots":{"index":"index","follow":"follow","max-snippet":"max-snippet:-1","max-image-preview":"max-image-preview:large","max-video-preview":"max-video-preview:-1"},"canonical":"https:\/\/stylfront.pl\/en\/fronty-drewniane\/hades\/","og_locale":"en_US","og_type":"article","og_title":"HADES - Stylfront","og_description":"UWAGA:&nbsp;Ze wzgl\u0119du na naturalne cechy drewna, kolory oraz struktura drewna prezentowanych produkt\u00f3w mog\u0105 r\u00f3\u017cni\u0107 si\u0119 od kolor\u00f3w rzeczywistych.","og_url":"https:\/\/stylfront.pl\/en\/fronty-drewniane\/hades\/","og_site_name":"Stylfront","article_publisher":"https:\/\/www.facebook.com\/stylfront","article_modified_time":"2022-12-27T16:48:33+00:00","og_image":[{"url":"https:\/\/stylfront.pl\/nowa_strona\/wp-content\/uploads\/2022\/12\/front-HADES.jpg","type":"","width":"","height":""}],"twitter_card":"summary_large_image","schema":{"@context":"https:\/\/schema.org","@graph":[{"@type":"WebPage","@id":"https:\/\/stylfront.pl\/fronty-drewniane\/hades\/","url":"https:\/\/stylfront.pl\/fronty-drewniane\/hades\/","name":"HADES - Stylfront","isPartOf":{"@id":"https:\/\/stylfront.pl\/#website"},"primaryImageOfPage":{"@id":"https:\/\/stylfront.pl\/fronty-drewniane\/hades\/#primaryimage"},"image":{"@id":"https:\/\/stylfront.pl\/fronty-drewniane\/hades\/#primaryimage"},"thumbnailUrl":"https:\/\/stylfront.pl\/nowa_strona\/wp-content\/uploads\/2022\/12\/front-HADES.jpg","datePublished":"2022-12-27T16:48:08+00:00","dateModified":"2022-12-27T16:48:33+00:00","breadcrumb":{"@id":"https:\/\/stylfront.pl\/fronty-drewniane\/hades\/#breadcrumb"},"inLanguage":"en-US","potentialAction":[{"@type":"ReadAction","target":["https:\/\/stylfront.pl\/fronty-drewniane\/hades\/"]}]},{"@type":"ImageObject","inLanguage":"en-US","@id":"https:\/\/stylfront.pl\/fronty-drewniane\/hades\/#primaryimage","url":"https:\/\/stylfront.pl\/nowa_strona\/wp-content\/uploads\/2022\/12\/front-HADES.jpg","contentUrl":"https:\/\/stylfront.pl\/nowa_strona\/wp-content\/uploads\/2022\/12\/front-HADES.jpg"},{"@type":"BreadcrumbList","@id":"https:\/\/stylfront.pl\/fronty-drewniane\/hades\/#breadcrumb","itemListElement":[{"@type":"ListItem","position":1,"name":"Strona g\u0142\u00f3wna","item":"https:\/\/stylfront.pl\/"},{"@type":"ListItem","position":2,"name":"Fronty drewniane","item":"https:\/\/stylfront.pl\/fronty-drewniane\/"},{"@type":"ListItem","position":3,"name":"HADES"}]},{"@type":"WebSite","@id":"https:\/\/stylfront.pl\/#website","url":"https:\/\/stylfront.pl\/","name":"Stylfront","description":"Fronty meblowe \/ kuchenne na wymiar","publisher":{"@id":"https:\/\/stylfront.pl\/#organization"},"potentialAction":[{"@type":"SearchAction","target":{"@type":"EntryPoint","urlTemplate":"https:\/\/stylfront.pl\/?s={search_term_string}"},"query-input":{"@type":"PropertyValueSpecification","valueRequired":true,"valueName":"search_term_string"}}],"inLanguage":"en-US"},{"@type":"Organization","@id":"https:\/\/stylfront.pl\/#organization","name":"Stylfront","url":"https:\/\/stylfront.pl\/","logo":{"@type":"ImageObject","inLanguage":"en-US","@id":"https:\/\/stylfront.pl\/#\/schema\/logo\/image\/","url":"https:\/\/stylfront.pl\/wp-content\/uploads\/2023\/06\/logo-Stylfront.png","contentUrl":"https:\/\/stylfront.pl\/wp-content\/uploads\/2023\/06\/logo-Stylfront.png","width":365,"height":100,"caption":"Stylfront"},"image":{"@id":"https:\/\/stylfront.pl\/#\/schema\/logo\/image\/"},"sameAs":["https:\/\/www.facebook.com\/stylfront","https:\/\/www.youtube.com\/watch?v=XCCMCF2nz6M","https:\/\/www.instagram.com\/stylfront\/"]}]}},"_links":{"self":[{"href":"https:\/\/stylfront.pl\/en\/wp-json\/wp\/v2\/pages\/673","targetHints":{"allow":["GET"]}}],"collection":[{"href":"https:\/\/stylfront.pl\/en\/wp-json\/wp\/v2\/pages"}],"about":[{"href":"https:\/\/stylfront.pl\/en\/wp-json\/wp\/v2\/types\/page"}],"author":[{"embeddable":true,"href":"https:\/\/stylfront.pl\/en\/wp-json\/wp\/v2\/users\/1"}],"replies":[{"embeddable":true,"href":"https:\/\/stylfront.pl\/en\/wp-json\/wp\/v2\/comments?post=673"}],"version-history":[{"count":1,"href":"https:\/\/stylfront.pl\/en\/wp-json\/wp\/v2\/pages\/673\/revisions"}],"predecessor-version":[{"id":712,"href":"https:\/\/stylfront.pl\/en\/wp-json\/wp\/v2\/pages\/673\/revisions\/712"}],"up":[{"embeddable":true,"href":"https:\/\/stylfront.pl\/en\/wp-json\/wp\/v2\/pages\/463"}],"wp:attachment":[{"href":"https:\/\/stylfront.pl\/en\/wp-json\/wp\/v2\/media?parent=673"}],"curies":[{"name":"wp","href":"https:\/\/api.w.org\/{rel}","templated":true}]}}