{"id":3497,"date":"2026-02-17T11:34:55","date_gmt":"2026-02-17T10:34:55","guid":{"rendered":"https:\/\/stylfront.pl\/?page_id=3497"},"modified":"2026-02-24T07:54:57","modified_gmt":"2026-02-24T06:54:57","slug":"fronty-oklejane-laserowo","status":"publish","type":"page","link":"https:\/\/stylfront.pl\/en\/fronty-oklejane-laserowo\/","title":{"rendered":"Fronty oklejane laserowo"},"content":{"rendered":"\n<div id=\"wp-block-themeisle-blocks-advanced-columns-50d76ec4\" class=\"wp-block-themeisle-blocks-advanced-columns alignfull has-1-columns has-desktop-equal-layout has-tablet-equal-layout has-mobile-equal-layout has-vertical-center\"><div class=\"wp-block-themeisle-blocks-advanced-columns-overlay\"><\/div><div class=\"innerblocks-wrap\">\n<div id=\"wp-block-themeisle-blocks-advanced-column-4d049713\" class=\"wp-block-themeisle-blocks-advanced-column\">\n<h1 id=\"wp-block-themeisle-blocks-advanced-heading-706f65a4\" class=\"wp-block-themeisle-blocks-advanced-heading wp-block-themeisle-blocks-advanced-heading-706f65a4\">Fronty oklejane laserowo<\/h1>\n<\/div>\n<\/div><\/div>\n\n\n\n<p><\/p>\n\n\n\n<p>Fronty oklejane laserowo to nowoczesne fronty meblowe wyka\u0144czane w technologii bezspoinowej, w kt\u00f3rej obrze\u017ce \u0142\u0105czy si\u0119 z p\u0142yt\u0105 bez widocznej fugi klejowej. Dzi\u0119ki temu powierzchnia kraw\u0119dzi tworzy jednolit\u0105, estetyczn\u0105 ca\u0142o\u015b\u0107 i zachowuje wysok\u0105 odporno\u015b\u0107 na wilgo\u0107, temperatur\u0119 oraz codzienne u\u017cytkowanie. Fronty oklejane laserowo wyr\u00f3\u017cniaj\u0105 si\u0119 podwy\u017cszon\u0105 trwa\u0142o\u015bci\u0105, \u0142atwo\u015bci\u0105 czyszczenia i precyzyjnym wyko\u0144czeniem detali. To rozwi\u0105zanie polecane szczeg\u00f3lnie do nowoczesnych kuchni i zabud\u00f3w premium, gdzie liczy si\u0119 design, higiena i d\u0142ugowieczno\u015b\u0107 materia\u0142u.<\/p>\n\n\n\n<figure class=\"wp-block-image size-large\"><img fetchpriority=\"high\" decoding=\"async\" width=\"1024\" height=\"724\" src=\"https:\/\/stylfront.pl\/wp-content\/uploads\/2026\/02\/Fronty-oklejane-laserowo-1-1024x724.jpg\" alt=\"\" class=\"wp-image-3499\" srcset=\"https:\/\/stylfront.pl\/wp-content\/uploads\/2026\/02\/Fronty-oklejane-laserowo-1-1024x724.jpg 1024w, https:\/\/stylfront.pl\/wp-content\/uploads\/2026\/02\/Fronty-oklejane-laserowo-1-300x212.jpg 300w, https:\/\/stylfront.pl\/wp-content\/uploads\/2026\/02\/Fronty-oklejane-laserowo-1-768x543.jpg 768w, https:\/\/stylfront.pl\/wp-content\/uploads\/2026\/02\/Fronty-oklejane-laserowo-1-1536x1087.jpg 1536w, https:\/\/stylfront.pl\/wp-content\/uploads\/2026\/02\/Fronty-oklejane-laserowo-1-2048x1449.jpg 2048w, https:\/\/stylfront.pl\/wp-content\/uploads\/2026\/02\/Fronty-oklejane-laserowo-1-200x141.jpg 200w\" sizes=\"(max-width: 1024px) 100vw, 1024px\" \/><\/figure>\n\n\n\n<p><\/p>\n\n\n\n<h3 class=\"wp-block-heading\">Zastosowanie technologii laserowej<\/h3>\n\n\n\n<p>Zastosowanie technologii laserowej doskonale sprawdza si\u0119 w przypadku\u00a0<strong><a href=\"https:\/\/stylfront.pl\/fronty-akrylowe\/\">front\u00f3w akrylowych<\/a><\/strong>. W tej technologii cienka warstwa akrylu (PMMA) jest trwa\u0142e \u0142\u0105czona z kraw\u0119dzi\u0105 frontu bez widocznych spoin, co pozwala uzyska\u0107 powierzchni\u0119 jednolit\u0105 i eleganck\u0105 \u2014 zar\u00f3wno w wersjach wysokopo\u0142yskowych, jak i matowych oferowanych w kolekcjach akrylowych\u00a0<em>Stylfront<\/em>. Fronty akrylowe z wyko\u0144czeniem laserowym \u0142\u0105cz\u0105 estetyk\u0119 g\u0142\u0119bokiego koloru i g\u0142adko\u015bci z praktycznymi zaletami, takimi jak wysoka odporno\u015b\u0107 na wilgo\u0107, promieniowanie UV oraz \u0142atwo\u015b\u0107 utrzymania czysto\u015bci, dzi\u0119ki czemu idealnie wpisuj\u0105 si\u0119 w nowoczesne aran\u017cacje kuchenne i meblowe.<\/p>\n","protected":false},"excerpt":{"rendered":"<p>Fronty oklejane laserowo to nowoczesne fronty meblowe wyka\u0144czane w technologii bezspoinowej, w kt\u00f3rej obrze\u017ce \u0142\u0105czy si\u0119 z p\u0142yt\u0105 bez widocznej fugi klejowej. Dzi\u0119ki temu powierzchnia kraw\u0119dzi tworzy jednolit\u0105, estetyczn\u0105 ca\u0142o\u015b\u0107 i zachowuje wysok\u0105 odporno\u015b\u0107 na wilgo\u0107, temperatur\u0119 oraz codzienne u\u017cytkowanie. Fronty oklejane laserowo wyr\u00f3\u017cniaj\u0105 si\u0119 podwy\u017cszon\u0105 trwa\u0142o\u015bci\u0105, \u0142atwo\u015bci\u0105 czyszczenia i precyzyjnym wyko\u0144czeniem detali. To rozwi\u0105zanie&hellip;&nbsp;<a href=\"https:\/\/stylfront.pl\/en\/fronty-oklejane-laserowo\/\" rel=\"bookmark\">Read More &raquo;<span class=\"screen-reader-text\">Fronty oklejane laserowo<\/span><\/a><\/p>\n","protected":false},"author":1,"featured_media":0,"parent":0,"menu_order":0,"comment_status":"closed","ping_status":"closed","template":"","meta":{"neve_meta_sidebar":"full-width","neve_meta_container":"contained","neve_meta_enable_content_width":"","neve_meta_content_width":0,"neve_meta_title_alignment":"","neve_meta_author_avatar":"","neve_post_elements_order":"","neve_meta_disable_header":"","neve_meta_disable_footer":"","neve_meta_disable_title":"","neve_meta_reading_time":"","_themeisle_gutenberg_block_has_review":false,"footnotes":""},"class_list":["post-3497","page","type-page","status-publish","hentry"],"yoast_head":"<!-- This site is optimized with the Yoast SEO plugin v26.7 - https:\/\/yoast.com\/wordpress\/plugins\/seo\/ -->\n<title>Fronty oklejane laserowo - Stylfront<\/title>\n<meta name=\"description\" content=\"Fronty oklejane laserowo to nowoczesne rozwi\u0105zanie bez widocznych spoin, gwarantuj\u0105ce idealnie g\u0142adkie kraw\u0119dzie, wysok\u0105 odporno\u015b\u0107 na wilgo\u0107 i trwa\u0142o\u015b\u0107. Technologia laserowa w frontach akrylowych zapewnia elegancki wygl\u0105d, \u0142atwo\u015b\u0107 czyszczenia i perfekcyjne wyko\u0144czenie do kuchni premium.\" \/>\n<meta name=\"robots\" content=\"index, follow, max-snippet:-1, max-image-preview:large, max-video-preview:-1\" \/>\n<link rel=\"canonical\" href=\"https:\/\/stylfront.pl\/en\/fronty-oklejane-laserowo\/\" \/>\n<meta property=\"og:locale\" content=\"en_US\" \/>\n<meta property=\"og:locale:alternate\" content=\"pl_PL\" \/>\n<meta property=\"og:type\" content=\"article\" \/>\n<meta property=\"og:title\" content=\"Fronty oklejane laserowo - Stylfront\" \/>\n<meta property=\"og:description\" content=\"Fronty oklejane laserowo to nowoczesne rozwi\u0105zanie bez widocznych spoin, gwarantuj\u0105ce idealnie g\u0142adkie kraw\u0119dzie, wysok\u0105 odporno\u015b\u0107 na wilgo\u0107 i trwa\u0142o\u015b\u0107. Technologia laserowa w frontach akrylowych zapewnia elegancki wygl\u0105d, \u0142atwo\u015b\u0107 czyszczenia i perfekcyjne wyko\u0144czenie do kuchni premium.\" \/>\n<meta property=\"og:url\" content=\"https:\/\/stylfront.pl\/en\/fronty-oklejane-laserowo\/\" \/>\n<meta property=\"og:site_name\" content=\"Stylfront\" \/>\n<meta property=\"article:publisher\" content=\"https:\/\/www.facebook.com\/stylfront\" \/>\n<meta property=\"article:modified_time\" content=\"2026-02-24T06:54:57+00:00\" \/>\n<meta property=\"og:image\" content=\"https:\/\/stylfront.pl\/wp-content\/uploads\/2026\/02\/Fronty-oklejane-laserowo-1.jpg\" \/>\n\t<meta property=\"og:image:width\" content=\"2560\" \/>\n\t<meta property=\"og:image:height\" content=\"1811\" \/>\n\t<meta property=\"og:image:type\" content=\"image\/jpeg\" \/>\n<meta name=\"twitter:card\" content=\"summary_large_image\" \/>\n<meta name=\"twitter:label1\" content=\"Est. reading time\" \/>\n\t<meta name=\"twitter:data1\" content=\"2 minutes\" \/>\n<script type=\"application\/ld+json\" class=\"yoast-schema-graph\">{\"@context\":\"https:\/\/schema.org\",\"@graph\":[{\"@type\":\"WebPage\",\"@id\":\"https:\/\/stylfront.pl\/fronty-oklejane-laserowo\/\",\"url\":\"https:\/\/stylfront.pl\/fronty-oklejane-laserowo\/\",\"name\":\"Fronty oklejane laserowo - Stylfront\",\"isPartOf\":{\"@id\":\"https:\/\/stylfront.pl\/#website\"},\"primaryImageOfPage\":{\"@id\":\"https:\/\/stylfront.pl\/fronty-oklejane-laserowo\/#primaryimage\"},\"image\":{\"@id\":\"https:\/\/stylfront.pl\/fronty-oklejane-laserowo\/#primaryimage\"},\"thumbnailUrl\":\"https:\/\/stylfront.pl\/wp-content\/uploads\/2026\/02\/Fronty-oklejane-laserowo-1-1024x724.jpg\",\"datePublished\":\"2026-02-17T10:34:55+00:00\",\"dateModified\":\"2026-02-24T06:54:57+00:00\",\"description\":\"Fronty oklejane laserowo to nowoczesne rozwi\u0105zanie bez widocznych spoin, gwarantuj\u0105ce idealnie g\u0142adkie kraw\u0119dzie, wysok\u0105 odporno\u015b\u0107 na wilgo\u0107 i trwa\u0142o\u015b\u0107. Technologia laserowa w frontach akrylowych zapewnia elegancki wygl\u0105d, \u0142atwo\u015b\u0107 czyszczenia i perfekcyjne wyko\u0144czenie do kuchni premium.\",\"breadcrumb\":{\"@id\":\"https:\/\/stylfront.pl\/fronty-oklejane-laserowo\/#breadcrumb\"},\"inLanguage\":\"en-US\",\"potentialAction\":[{\"@type\":\"ReadAction\",\"target\":[\"https:\/\/stylfront.pl\/fronty-oklejane-laserowo\/\"]}]},{\"@type\":\"ImageObject\",\"inLanguage\":\"en-US\",\"@id\":\"https:\/\/stylfront.pl\/fronty-oklejane-laserowo\/#primaryimage\",\"url\":\"https:\/\/stylfront.pl\/wp-content\/uploads\/2026\/02\/Fronty-oklejane-laserowo-1-1024x724.jpg\",\"contentUrl\":\"https:\/\/stylfront.pl\/wp-content\/uploads\/2026\/02\/Fronty-oklejane-laserowo-1-1024x724.jpg\"},{\"@type\":\"BreadcrumbList\",\"@id\":\"https:\/\/stylfront.pl\/fronty-oklejane-laserowo\/#breadcrumb\",\"itemListElement\":[{\"@type\":\"ListItem\",\"position\":1,\"name\":\"Strona g\u0142\u00f3wna\",\"item\":\"https:\/\/stylfront.pl\/\"},{\"@type\":\"ListItem\",\"position\":2,\"name\":\"Fronty oklejane laserowo\"}]},{\"@type\":\"WebSite\",\"@id\":\"https:\/\/stylfront.pl\/#website\",\"url\":\"https:\/\/stylfront.pl\/\",\"name\":\"Stylfront\",\"description\":\"Fronty meblowe \/ kuchenne na wymiar\",\"publisher\":{\"@id\":\"https:\/\/stylfront.pl\/#organization\"},\"potentialAction\":[{\"@type\":\"SearchAction\",\"target\":{\"@type\":\"EntryPoint\",\"urlTemplate\":\"https:\/\/stylfront.pl\/?s={search_term_string}\"},\"query-input\":{\"@type\":\"PropertyValueSpecification\",\"valueRequired\":true,\"valueName\":\"search_term_string\"}}],\"inLanguage\":\"en-US\"},{\"@type\":\"Organization\",\"@id\":\"https:\/\/stylfront.pl\/#organization\",\"name\":\"Stylfront\",\"url\":\"https:\/\/stylfront.pl\/\",\"logo\":{\"@type\":\"ImageObject\",\"inLanguage\":\"en-US\",\"@id\":\"https:\/\/stylfront.pl\/#\/schema\/logo\/image\/\",\"url\":\"https:\/\/stylfront.pl\/wp-content\/uploads\/2023\/06\/logo-Stylfront.png\",\"contentUrl\":\"https:\/\/stylfront.pl\/wp-content\/uploads\/2023\/06\/logo-Stylfront.png\",\"width\":365,\"height\":100,\"caption\":\"Stylfront\"},\"image\":{\"@id\":\"https:\/\/stylfront.pl\/#\/schema\/logo\/image\/\"},\"sameAs\":[\"https:\/\/www.facebook.com\/stylfront\",\"https:\/\/www.youtube.com\/watch?v=XCCMCF2nz6M\",\"https:\/\/www.instagram.com\/stylfront\/\"]}]}<\/script>\n<!-- \/ Yoast SEO plugin. -->","yoast_head_json":{"title":"Fronty oklejane laserowo - Stylfront","description":"Fronty oklejane laserowo to nowoczesne rozwi\u0105zanie bez widocznych spoin, gwarantuj\u0105ce idealnie g\u0142adkie kraw\u0119dzie, wysok\u0105 odporno\u015b\u0107 na wilgo\u0107 i trwa\u0142o\u015b\u0107. Technologia laserowa w frontach akrylowych zapewnia elegancki wygl\u0105d, \u0142atwo\u015b\u0107 czyszczenia i perfekcyjne wyko\u0144czenie do kuchni premium.","robots":{"index":"index","follow":"follow","max-snippet":"max-snippet:-1","max-image-preview":"max-image-preview:large","max-video-preview":"max-video-preview:-1"},"canonical":"https:\/\/stylfront.pl\/en\/fronty-oklejane-laserowo\/","og_locale":"en_US","og_type":"article","og_title":"Fronty oklejane laserowo - Stylfront","og_description":"Fronty oklejane laserowo to nowoczesne rozwi\u0105zanie bez widocznych spoin, gwarantuj\u0105ce idealnie g\u0142adkie kraw\u0119dzie, wysok\u0105 odporno\u015b\u0107 na wilgo\u0107 i trwa\u0142o\u015b\u0107. Technologia laserowa w frontach akrylowych zapewnia elegancki wygl\u0105d, \u0142atwo\u015b\u0107 czyszczenia i perfekcyjne wyko\u0144czenie do kuchni premium.","og_url":"https:\/\/stylfront.pl\/en\/fronty-oklejane-laserowo\/","og_site_name":"Stylfront","article_publisher":"https:\/\/www.facebook.com\/stylfront","article_modified_time":"2026-02-24T06:54:57+00:00","og_image":[{"width":2560,"height":1811,"url":"https:\/\/stylfront.pl\/wp-content\/uploads\/2026\/02\/Fronty-oklejane-laserowo-1.jpg","type":"image\/jpeg"}],"twitter_card":"summary_large_image","twitter_misc":{"Est. reading time":"2 minutes"},"schema":{"@context":"https:\/\/schema.org","@graph":[{"@type":"WebPage","@id":"https:\/\/stylfront.pl\/fronty-oklejane-laserowo\/","url":"https:\/\/stylfront.pl\/fronty-oklejane-laserowo\/","name":"Fronty oklejane laserowo - Stylfront","isPartOf":{"@id":"https:\/\/stylfront.pl\/#website"},"primaryImageOfPage":{"@id":"https:\/\/stylfront.pl\/fronty-oklejane-laserowo\/#primaryimage"},"image":{"@id":"https:\/\/stylfront.pl\/fronty-oklejane-laserowo\/#primaryimage"},"thumbnailUrl":"https:\/\/stylfront.pl\/wp-content\/uploads\/2026\/02\/Fronty-oklejane-laserowo-1-1024x724.jpg","datePublished":"2026-02-17T10:34:55+00:00","dateModified":"2026-02-24T06:54:57+00:00","description":"Fronty oklejane laserowo to nowoczesne rozwi\u0105zanie bez widocznych spoin, gwarantuj\u0105ce idealnie g\u0142adkie kraw\u0119dzie, wysok\u0105 odporno\u015b\u0107 na wilgo\u0107 i trwa\u0142o\u015b\u0107. Technologia laserowa w frontach akrylowych zapewnia elegancki wygl\u0105d, \u0142atwo\u015b\u0107 czyszczenia i perfekcyjne wyko\u0144czenie do kuchni premium.","breadcrumb":{"@id":"https:\/\/stylfront.pl\/fronty-oklejane-laserowo\/#breadcrumb"},"inLanguage":"en-US","potentialAction":[{"@type":"ReadAction","target":["https:\/\/stylfront.pl\/fronty-oklejane-laserowo\/"]}]},{"@type":"ImageObject","inLanguage":"en-US","@id":"https:\/\/stylfront.pl\/fronty-oklejane-laserowo\/#primaryimage","url":"https:\/\/stylfront.pl\/wp-content\/uploads\/2026\/02\/Fronty-oklejane-laserowo-1-1024x724.jpg","contentUrl":"https:\/\/stylfront.pl\/wp-content\/uploads\/2026\/02\/Fronty-oklejane-laserowo-1-1024x724.jpg"},{"@type":"BreadcrumbList","@id":"https:\/\/stylfront.pl\/fronty-oklejane-laserowo\/#breadcrumb","itemListElement":[{"@type":"ListItem","position":1,"name":"Strona g\u0142\u00f3wna","item":"https:\/\/stylfront.pl\/"},{"@type":"ListItem","position":2,"name":"Fronty oklejane laserowo"}]},{"@type":"WebSite","@id":"https:\/\/stylfront.pl\/#website","url":"https:\/\/stylfront.pl\/","name":"Stylfront","description":"Fronty meblowe \/ kuchenne na wymiar","publisher":{"@id":"https:\/\/stylfront.pl\/#organization"},"potentialAction":[{"@type":"SearchAction","target":{"@type":"EntryPoint","urlTemplate":"https:\/\/stylfront.pl\/?s={search_term_string}"},"query-input":{"@type":"PropertyValueSpecification","valueRequired":true,"valueName":"search_term_string"}}],"inLanguage":"en-US"},{"@type":"Organization","@id":"https:\/\/stylfront.pl\/#organization","name":"Stylfront","url":"https:\/\/stylfront.pl\/","logo":{"@type":"ImageObject","inLanguage":"en-US","@id":"https:\/\/stylfront.pl\/#\/schema\/logo\/image\/","url":"https:\/\/stylfront.pl\/wp-content\/uploads\/2023\/06\/logo-Stylfront.png","contentUrl":"https:\/\/stylfront.pl\/wp-content\/uploads\/2023\/06\/logo-Stylfront.png","width":365,"height":100,"caption":"Stylfront"},"image":{"@id":"https:\/\/stylfront.pl\/#\/schema\/logo\/image\/"},"sameAs":["https:\/\/www.facebook.com\/stylfront","https:\/\/www.youtube.com\/watch?v=XCCMCF2nz6M","https:\/\/www.instagram.com\/stylfront\/"]}]}},"_links":{"self":[{"href":"https:\/\/stylfront.pl\/en\/wp-json\/wp\/v2\/pages\/3497","targetHints":{"allow":["GET"]}}],"collection":[{"href":"https:\/\/stylfront.pl\/en\/wp-json\/wp\/v2\/pages"}],"about":[{"href":"https:\/\/stylfront.pl\/en\/wp-json\/wp\/v2\/types\/page"}],"author":[{"embeddable":true,"href":"https:\/\/stylfront.pl\/en\/wp-json\/wp\/v2\/users\/1"}],"replies":[{"embeddable":true,"href":"https:\/\/stylfront.pl\/en\/wp-json\/wp\/v2\/comments?post=3497"}],"version-history":[{"count":3,"href":"https:\/\/stylfront.pl\/en\/wp-json\/wp\/v2\/pages\/3497\/revisions"}],"predecessor-version":[{"id":3506,"href":"https:\/\/stylfront.pl\/en\/wp-json\/wp\/v2\/pages\/3497\/revisions\/3506"}],"wp:attachment":[{"href":"https:\/\/stylfront.pl\/en\/wp-json\/wp\/v2\/media?parent=3497"}],"curies":[{"name":"wp","href":"https:\/\/api.w.org\/{rel}","templated":true}]}}