{"id":2004,"date":"2023-08-07T10:18:11","date_gmt":"2023-08-07T08:18:11","guid":{"rendered":"https:\/\/stylfront.pl\/?page_id=2004"},"modified":"2026-02-24T08:42:04","modified_gmt":"2026-02-24T07:42:04","slug":"do-pobrania","status":"publish","type":"page","link":"https:\/\/stylfront.pl\/en\/do-pobrania\/","title":{"rendered":"Do pobrania"},"content":{"rendered":"\n<div id=\"wp-block-themeisle-blocks-advanced-columns-82666d4a\" class=\"wp-block-themeisle-blocks-advanced-columns has-1-columns has-desktop-equal-layout has-tablet-equal-layout has-mobile-equal-layout has-vertical-unset\"><div class=\"wp-block-themeisle-blocks-advanced-columns-overlay\"><\/div><div class=\"innerblocks-wrap\">\n<div id=\"wp-block-themeisle-blocks-advanced-column-981bbd14\" class=\"wp-block-themeisle-blocks-advanced-column\">\n<h1 class=\"wp-block-heading\">Do pobrania<\/h1>\n\n\n\n<p><\/p>\n\n\n\n<div class=\"wp-block-file\"><a id=\"wp-block-file--media-48e2b0cf-364e-4b28-85fa-b9bfd990455a\" href=\"https:\/\/stylfront.pl\/KATALOG2025\/index.html\">Katalog 2025 (NOWO\u015a\u0106) (pdf)<\/a>\n\n\n\n<div class=\"wp-block-file\"><a id=\"wp-block-file--media-48e2b0cf-364e-4b28-85fa-b9bfd990455a\" href=\"https:\/\/stylfront.pl\/wp-content\/uploads\/2023\/08\/Formularz-Zamowienia.pdf\">Formularz zam\u00f3wienia (pdf)<\/a><\/div>\n\n\n\n<div class=\"wp-block-file\"><a id=\"wp-block-file--media-9c39dd6b-6c96-4ca6-8361-7b188cb429d2\" href=\"https:\/\/stylfront.pl\/wp-content\/uploads\/2023\/08\/Formularz-Zamowienia-Fronty-akrylowe.xlsx\">Formularz zam\u00f3wienia &#8211; Fronty akrylowe (excel)<\/a><\/div>\n\n\n\n<div class=\"wp-block-file\"><a id=\"wp-block-file--media-ac9f3598-b6d2-4ea1-ba5d-206aedc03953\" href=\"https:\/\/stylfront.pl\/wp-content\/uploads\/2023\/08\/Formularz-Zamowienia-Fronty-akrylowe.pdf\">Formularz zam\u00f3wienia &#8211; Fronty-akrylowe (pdf)<\/a><\/div>\n\n\n\n<div class=\"wp-block-file\"><a id=\"wp-block-file--media-3680c0ca-6fe6-443d-a2b9-81b41672c483\" href=\"https:\/\/stylfront.pl\/wp-content\/uploads\/2023\/08\/Warunki-gwarancji-Fronty-Akrylowe.pdf\">Warunki gwarancji &#8211; Fronty Akrylowe<\/a><\/div>\n\n\n\n<div class=\"wp-block-file\"><a id=\"wp-block-file--media-3680c0ca-6fe6-443d-a2b9-81b41672c483\" href=\"https:\/\/stylfront.pl\/wp-content\/uploads\/2024\/11\/GWARANCJA-LAKIER-PDF.pdf\">Warunki gwarancji &#8211; Fronty Lakierowane<\/a><\/div>\n\n\n\n<div class=\"wp-block-file\"><a id=\"wp-block-file--media-3680c0ca-6fe6-443d-a2b9-81b41672c483\" href=\"https:\/\/stylfront.pl\/wp-content\/uploads\/2026\/01\/Stylfront-gwarancja.doc\">Warunki gwarancji &#8211; Fronty drewniane i fornirowane<\/a><\/div>\n\n\n\n<div class=\"wp-block-file\"><a id=\"wp-block-file--media-48e2b0cf-364e-4b28-85fa-b9bfd990455a\" href=\"https:\/\/stylfront.pl\/wp-content\/uploads\/2024\/09\/Stylfront-2024-Katalog_compressed.pdf\">Stylfront Katalog 2024<\/a><a href=\"https:\/\/stylfront.pl\/wp-content\/uploads\/2024\/09\/Stylfront-2024-Katalog_compressed.pdf\"<\/a><\/div>\n\n\n\n<div class=\"wp-block-file\"><a id=\"wp-block-file--media-908cb7f6-3448-48fd-8d84-f26745fd8296\" href=\"https:\/\/stylfront.pl\/wp-content\/uploads\/2023\/08\/StylFront-Katalog-Podstawowy.pdf\">Stylfront Katalog podstawowy (pdf)<\/a><\/div>\n\n\n\n<div class=\"wp-block-file\"><a id=\"wp-block-file--media-908cb7f6-3448-48fd-8d84-f26745fd8296\" href=\"https:\/\/stylfront.pl\/wp-content\/uploads\/2023\/08\/Stylfront-Katalog2023.pdf\">Stylfront Katalog 2023 (pdf)<\/a><\/div>\n<\/div>\n<\/div><\/div>\n\n\n\n<p><\/p>\n","protected":false},"excerpt":{"rendered":"","protected":false},"author":1,"featured_media":0,"parent":0,"menu_order":0,"comment_status":"closed","ping_status":"closed","template":"","meta":{"neve_meta_sidebar":"left","neve_meta_container":"default","neve_meta_enable_content_width":"","neve_meta_content_width":70,"neve_meta_title_alignment":"","neve_meta_author_avatar":"","neve_post_elements_order":"","neve_meta_disable_header":"","neve_meta_disable_footer":"","neve_meta_disable_title":"","neve_meta_reading_time":"","_themeisle_gutenberg_block_has_review":false,"footnotes":""},"class_list":["post-2004","page","type-page","status-publish","hentry"],"yoast_head":"<!-- This site is optimized with the Yoast SEO plugin v26.7 - https:\/\/yoast.com\/wordpress\/plugins\/seo\/ -->\n<title>Do pobrania - Stylfront<\/title>\n<meta name=\"description\" content=\"Materia\u0142y do pobrania: Katalogi produkt\u00f3w, formularze zam\u00f3wie\u0144, warunki gwarancji...\" \/>\n<meta name=\"robots\" content=\"index, follow, max-snippet:-1, max-image-preview:large, max-video-preview:-1\" \/>\n<link rel=\"canonical\" href=\"https:\/\/stylfront.pl\/en\/do-pobrania\/\" \/>\n<meta property=\"og:locale\" content=\"en_US\" \/>\n<meta property=\"og:locale:alternate\" content=\"pl_PL\" \/>\n<meta property=\"og:type\" content=\"article\" \/>\n<meta property=\"og:title\" content=\"Do pobrania - Stylfront\" \/>\n<meta property=\"og:description\" content=\"Materia\u0142y do pobrania: Katalogi produkt\u00f3w, formularze zam\u00f3wie\u0144, warunki gwarancji...\" \/>\n<meta property=\"og:url\" content=\"https:\/\/stylfront.pl\/en\/do-pobrania\/\" \/>\n<meta property=\"og:site_name\" content=\"Stylfront\" \/>\n<meta property=\"article:publisher\" content=\"https:\/\/www.facebook.com\/stylfront\" \/>\n<meta property=\"article:modified_time\" content=\"2026-02-24T07:42:04+00:00\" \/>\n<meta property=\"og:image\" content=\"https:\/\/stylfront.pl\/wp-content\/uploads\/2024\/10\/meble-kuchenne.jpg\" \/>\n\t<meta property=\"og:image:width\" content=\"2000\" \/>\n\t<meta property=\"og:image:height\" content=\"1333\" \/>\n\t<meta property=\"og:image:type\" content=\"image\/jpeg\" \/>\n<meta name=\"twitter:card\" content=\"summary_large_image\" \/>\n<meta name=\"twitter:label1\" content=\"Est. reading time\" \/>\n\t<meta name=\"twitter:data1\" content=\"1 minute\" \/>\n<script type=\"application\/ld+json\" class=\"yoast-schema-graph\">{\"@context\":\"https:\/\/schema.org\",\"@graph\":[{\"@type\":\"WebPage\",\"@id\":\"https:\/\/stylfront.pl\/do-pobrania\/\",\"url\":\"https:\/\/stylfront.pl\/do-pobrania\/\",\"name\":\"Do pobrania - Stylfront\",\"isPartOf\":{\"@id\":\"https:\/\/stylfront.pl\/#website\"},\"datePublished\":\"2023-08-07T08:18:11+00:00\",\"dateModified\":\"2026-02-24T07:42:04+00:00\",\"description\":\"Materia\u0142y do pobrania: Katalogi produkt\u00f3w, formularze zam\u00f3wie\u0144, warunki gwarancji...\",\"breadcrumb\":{\"@id\":\"https:\/\/stylfront.pl\/do-pobrania\/#breadcrumb\"},\"inLanguage\":\"en-US\",\"potentialAction\":[{\"@type\":\"ReadAction\",\"target\":[\"https:\/\/stylfront.pl\/do-pobrania\/\"]}]},{\"@type\":\"BreadcrumbList\",\"@id\":\"https:\/\/stylfront.pl\/do-pobrania\/#breadcrumb\",\"itemListElement\":[{\"@type\":\"ListItem\",\"position\":1,\"name\":\"Strona g\u0142\u00f3wna\",\"item\":\"https:\/\/stylfront.pl\/\"},{\"@type\":\"ListItem\",\"position\":2,\"name\":\"Do pobrania\"}]},{\"@type\":\"WebSite\",\"@id\":\"https:\/\/stylfront.pl\/#website\",\"url\":\"https:\/\/stylfront.pl\/\",\"name\":\"Stylfront\",\"description\":\"Fronty meblowe \/ kuchenne na wymiar\",\"publisher\":{\"@id\":\"https:\/\/stylfront.pl\/#organization\"},\"potentialAction\":[{\"@type\":\"SearchAction\",\"target\":{\"@type\":\"EntryPoint\",\"urlTemplate\":\"https:\/\/stylfront.pl\/?s={search_term_string}\"},\"query-input\":{\"@type\":\"PropertyValueSpecification\",\"valueRequired\":true,\"valueName\":\"search_term_string\"}}],\"inLanguage\":\"en-US\"},{\"@type\":\"Organization\",\"@id\":\"https:\/\/stylfront.pl\/#organization\",\"name\":\"Stylfront\",\"url\":\"https:\/\/stylfront.pl\/\",\"logo\":{\"@type\":\"ImageObject\",\"inLanguage\":\"en-US\",\"@id\":\"https:\/\/stylfront.pl\/#\/schema\/logo\/image\/\",\"url\":\"https:\/\/stylfront.pl\/wp-content\/uploads\/2023\/06\/logo-Stylfront.png\",\"contentUrl\":\"https:\/\/stylfront.pl\/wp-content\/uploads\/2023\/06\/logo-Stylfront.png\",\"width\":365,\"height\":100,\"caption\":\"Stylfront\"},\"image\":{\"@id\":\"https:\/\/stylfront.pl\/#\/schema\/logo\/image\/\"},\"sameAs\":[\"https:\/\/www.facebook.com\/stylfront\",\"https:\/\/www.youtube.com\/watch?v=XCCMCF2nz6M\",\"https:\/\/www.instagram.com\/stylfront\/\"]}]}<\/script>\n<!-- \/ Yoast SEO plugin. -->","yoast_head_json":{"title":"Do pobrania - Stylfront","description":"Materia\u0142y do pobrania: Katalogi produkt\u00f3w, formularze zam\u00f3wie\u0144, warunki gwarancji...","robots":{"index":"index","follow":"follow","max-snippet":"max-snippet:-1","max-image-preview":"max-image-preview:large","max-video-preview":"max-video-preview:-1"},"canonical":"https:\/\/stylfront.pl\/en\/do-pobrania\/","og_locale":"en_US","og_type":"article","og_title":"Do pobrania - Stylfront","og_description":"Materia\u0142y do pobrania: Katalogi produkt\u00f3w, formularze zam\u00f3wie\u0144, warunki gwarancji...","og_url":"https:\/\/stylfront.pl\/en\/do-pobrania\/","og_site_name":"Stylfront","article_publisher":"https:\/\/www.facebook.com\/stylfront","article_modified_time":"2026-02-24T07:42:04+00:00","og_image":[{"width":2000,"height":1333,"url":"https:\/\/stylfront.pl\/wp-content\/uploads\/2024\/10\/meble-kuchenne.jpg","type":"image\/jpeg"}],"twitter_card":"summary_large_image","twitter_misc":{"Est. reading time":"1 minute"},"schema":{"@context":"https:\/\/schema.org","@graph":[{"@type":"WebPage","@id":"https:\/\/stylfront.pl\/do-pobrania\/","url":"https:\/\/stylfront.pl\/do-pobrania\/","name":"Do pobrania - Stylfront","isPartOf":{"@id":"https:\/\/stylfront.pl\/#website"},"datePublished":"2023-08-07T08:18:11+00:00","dateModified":"2026-02-24T07:42:04+00:00","description":"Materia\u0142y do pobrania: Katalogi produkt\u00f3w, formularze zam\u00f3wie\u0144, warunki gwarancji...","breadcrumb":{"@id":"https:\/\/stylfront.pl\/do-pobrania\/#breadcrumb"},"inLanguage":"en-US","potentialAction":[{"@type":"ReadAction","target":["https:\/\/stylfront.pl\/do-pobrania\/"]}]},{"@type":"BreadcrumbList","@id":"https:\/\/stylfront.pl\/do-pobrania\/#breadcrumb","itemListElement":[{"@type":"ListItem","position":1,"name":"Strona g\u0142\u00f3wna","item":"https:\/\/stylfront.pl\/"},{"@type":"ListItem","position":2,"name":"Do pobrania"}]},{"@type":"WebSite","@id":"https:\/\/stylfront.pl\/#website","url":"https:\/\/stylfront.pl\/","name":"Stylfront","description":"Fronty meblowe \/ kuchenne na wymiar","publisher":{"@id":"https:\/\/stylfront.pl\/#organization"},"potentialAction":[{"@type":"SearchAction","target":{"@type":"EntryPoint","urlTemplate":"https:\/\/stylfront.pl\/?s={search_term_string}"},"query-input":{"@type":"PropertyValueSpecification","valueRequired":true,"valueName":"search_term_string"}}],"inLanguage":"en-US"},{"@type":"Organization","@id":"https:\/\/stylfront.pl\/#organization","name":"Stylfront","url":"https:\/\/stylfront.pl\/","logo":{"@type":"ImageObject","inLanguage":"en-US","@id":"https:\/\/stylfront.pl\/#\/schema\/logo\/image\/","url":"https:\/\/stylfront.pl\/wp-content\/uploads\/2023\/06\/logo-Stylfront.png","contentUrl":"https:\/\/stylfront.pl\/wp-content\/uploads\/2023\/06\/logo-Stylfront.png","width":365,"height":100,"caption":"Stylfront"},"image":{"@id":"https:\/\/stylfront.pl\/#\/schema\/logo\/image\/"},"sameAs":["https:\/\/www.facebook.com\/stylfront","https:\/\/www.youtube.com\/watch?v=XCCMCF2nz6M","https:\/\/www.instagram.com\/stylfront\/"]}]}},"_links":{"self":[{"href":"https:\/\/stylfront.pl\/en\/wp-json\/wp\/v2\/pages\/2004","targetHints":{"allow":["GET"]}}],"collection":[{"href":"https:\/\/stylfront.pl\/en\/wp-json\/wp\/v2\/pages"}],"about":[{"href":"https:\/\/stylfront.pl\/en\/wp-json\/wp\/v2\/types\/page"}],"author":[{"embeddable":true,"href":"https:\/\/stylfront.pl\/en\/wp-json\/wp\/v2\/users\/1"}],"replies":[{"embeddable":true,"href":"https:\/\/stylfront.pl\/en\/wp-json\/wp\/v2\/comments?post=2004"}],"version-history":[{"count":27,"href":"https:\/\/stylfront.pl\/en\/wp-json\/wp\/v2\/pages\/2004\/revisions"}],"predecessor-version":[{"id":3491,"href":"https:\/\/stylfront.pl\/en\/wp-json\/wp\/v2\/pages\/2004\/revisions\/3491"}],"wp:attachment":[{"href":"https:\/\/stylfront.pl\/en\/wp-json\/wp\/v2\/media?parent=2004"}],"curies":[{"name":"wp","href":"https:\/\/api.w.org\/{rel}","templated":true}]}}