{"id":1992,"date":"2023-08-10T16:26:04","date_gmt":"2023-08-10T14:26:04","guid":{"rendered":"https:\/\/stylfront.pl\/?page_id=1992"},"modified":"2026-02-24T08:33:23","modified_gmt":"2026-02-24T07:33:23","slug":"fronty-ryflowane","status":"publish","type":"page","link":"https:\/\/stylfront.pl\/en\/fronty-ryflowane\/","title":{"rendered":"Fronty Ryflowane"},"content":{"rendered":"\n<div id=\"wp-block-themeisle-blocks-advanced-columns-50d76ec4\" class=\"wp-block-themeisle-blocks-advanced-columns alignfull has-1-columns has-desktop-equal-layout has-tablet-equal-layout has-mobile-equal-layout has-vertical-center\"><div class=\"wp-block-themeisle-blocks-advanced-columns-overlay\"><\/div><div class=\"innerblocks-wrap\">\n<div id=\"wp-block-themeisle-blocks-advanced-column-4d049713\" class=\"wp-block-themeisle-blocks-advanced-column\">\n<h1 id=\"wp-block-themeisle-blocks-advanced-heading-706f65a4\" class=\"wp-block-themeisle-blocks-advanced-heading wp-block-themeisle-blocks-advanced-heading-706f65a4\">Fronty ryflowane<\/h1>\n\n\n\n<p class=\"has-text-align-center has-nv-site-bg-color has-text-color has-link-color wp-elements-47cca0e482ede477e49a6cd5018bb65b\">Fronty ryflowane to designerskie rozwi\u0105zanie, kt\u00f3re nadaje meblom wyrazisty i nowoczesny charakter. Oferujemy fronty ryflowane lakierowane, dost\u0119pne w r\u00f3\u017cnych wzorach i kolorach, dopasowanych do aktualnych trend\u00f3w wn\u0119trzarskich. Dekoracyjna struktura frezowania podkre\u015bla g\u0142\u0119bi\u0119 koloru i wprowadza efekt tr\u00f3jwymiarowo\u015bci, \u0142\u0105cz\u0105c estetyk\u0119 z trwa\u0142o\u015bci\u0105 u\u017cytkow\u0105.<\/p>\n<\/div>\n<\/div><\/div>\n\n\n\n<h2 class=\"wp-block-heading has-text-align-center\"><br>Przedstawiamy pa\u0144stwu wzory front\u00f3w lakierowanych ryflowanych. <\/h2>\n\n\n\n<p class=\"has-text-align-center\">S\u0105 to fronty wykonane z p\u0142yty MDF malowane wed\u0142ug wzornika ICA, RAL, Renner, NCS.<\/p>\n\n\n\n<section id=\"wp-block-themeisle-blocks-advanced-columns-6fc7adce\" class=\"wp-block-themeisle-blocks-advanced-columns has-5-columns has-desktop-equal-layout has-tablet-equal-layout has-mobile-collapsedRows-layout has-vertical-flex-start\"><div class=\"wp-block-themeisle-blocks-advanced-columns-overlay\"><\/div><div class=\"innerblocks-wrap\">\n<div id=\"wp-block-themeisle-blocks-advanced-column-b4e44092\" class=\"wp-block-themeisle-blocks-advanced-column\"><div class=\"wp-block-image\">\n<figure class=\"aligncenter size-full\" id=\"wp-block-themeisle-blocks-image-77a4a613\"><a href=\"https:\/\/stylfront.pl\/fl-01\/\"><img decoding=\"async\" src=\"https:\/\/stylfront.pl\/wp-content\/uploads\/2023\/08\/FL-01-2.jpg\" alt=\"\"\/><\/a><figcaption class=\"wp-element-caption\">FL 01<\/figcaption><\/figure>\n<\/div><\/div>\n\n\n\n<div id=\"wp-block-themeisle-blocks-advanced-column-f7bd9436\" class=\"wp-block-themeisle-blocks-advanced-column\"><div class=\"wp-block-image\">\n<figure class=\"aligncenter size-full\" id=\"wp-block-themeisle-blocks-image-faea5389\"><a href=\"https:\/\/stylfront.pl\/fronty-ryflowane\/fl-02-2\/\"><img decoding=\"async\" src=\"https:\/\/stylfront.pl\/wp-content\/uploads\/2023\/08\/43-scaled.jpg\" alt=\"\"\/><\/a><figcaption class=\"wp-element-caption\">FL 02<\/figcaption><\/figure>\n<\/div><\/div>\n\n\n\n<div id=\"wp-block-themeisle-blocks-advanced-column-76473fbb\" class=\"wp-block-themeisle-blocks-advanced-column\"><div class=\"wp-block-image\">\n<figure class=\"aligncenter size-full\" id=\"wp-block-themeisle-blocks-image-0f452a8e\"><a href=\"https:\/\/stylfront.pl\/fronty-ryflowane\/fl-03-2\/\"><img decoding=\"async\" src=\"https:\/\/stylfront.pl\/wp-content\/uploads\/2023\/08\/58-2-scaled.jpg\" alt=\"\"\/><\/a><figcaption class=\"wp-element-caption\">FL 03<\/figcaption><\/figure>\n<\/div><\/div>\n\n\n\n<div id=\"wp-block-themeisle-blocks-advanced-column-d57ab2a1\" class=\"wp-block-themeisle-blocks-advanced-column\"><div class=\"wp-block-image\">\n<figure class=\"aligncenter size-full\" id=\"wp-block-themeisle-blocks-image-1454e90e\"><a href=\"https:\/\/stylfront.pl\/fronty-ryflowane\/fl-04-3\/\"><img decoding=\"async\" src=\"https:\/\/stylfront.pl\/wp-content\/uploads\/2023\/08\/47-scaled.jpg\" alt=\"\"\/><\/a><figcaption class=\"wp-element-caption\">FL 04<\/figcaption><\/figure>\n<\/div><\/div>\n\n\n\n<div id=\"wp-block-themeisle-blocks-advanced-column-886aef93\" class=\"wp-block-themeisle-blocks-advanced-column\"><div class=\"wp-block-image\">\n<figure class=\"aligncenter size-full\" id=\"wp-block-themeisle-blocks-image-dcc1ef04\"><a href=\"https:\/\/stylfront.pl\/fronty-ryflowane\/fl-05-gr-22-mm\/\"><img decoding=\"async\" src=\"https:\/\/stylfront.pl\/wp-content\/uploads\/2023\/08\/FL-05-1-scaled.jpg\" alt=\"\"\/><\/a><figcaption class=\"wp-element-caption\">FL 05 (gr. 22mm)<\/figcaption><\/figure>\n<\/div><\/div>\n<\/div><\/section>\n\n\n\n<section id=\"wp-block-themeisle-blocks-advanced-columns-83cc2728\" class=\"wp-block-themeisle-blocks-advanced-columns has-5-columns has-desktop-equal-layout has-tablet-equal-layout has-mobile-collapsedRows-layout has-vertical-flex-start\"><div class=\"wp-block-themeisle-blocks-advanced-columns-overlay\"><\/div><div class=\"innerblocks-wrap\">\n<div id=\"wp-block-themeisle-blocks-advanced-column-139aeefe\" class=\"wp-block-themeisle-blocks-advanced-column\"><div class=\"wp-block-image\">\n<figure class=\"aligncenter size-full\" id=\"wp-block-themeisle-blocks-image-342d5f97\"><a href=\"https:\/\/stylfront.pl\/fronty-ryflowane\/fl-06-2\/\"><img decoding=\"async\" src=\"https:\/\/stylfront.pl\/wp-content\/uploads\/2023\/08\/65-scaled.jpg\" alt=\"\"\/><\/a><figcaption class=\"wp-element-caption\">FL 06<\/figcaption><\/figure>\n<\/div><\/div>\n\n\n\n<div id=\"wp-block-themeisle-blocks-advanced-column-16634347\" class=\"wp-block-themeisle-blocks-advanced-column\"><div class=\"wp-block-image\">\n<figure class=\"aligncenter size-full\" id=\"wp-block-themeisle-blocks-image-945787aa\"><a href=\"https:\/\/stylfront.pl\/fronty-ryflowane\/fl-07-2\/\"><img decoding=\"async\" src=\"https:\/\/stylfront.pl\/wp-content\/uploads\/2023\/08\/FL-07-1-scaled.jpg\" alt=\"\"\/><\/a><figcaption class=\"wp-element-caption\">FL 07<\/figcaption><\/figure>\n<\/div><\/div>\n\n\n\n<div id=\"wp-block-themeisle-blocks-advanced-column-94b2fd55\" class=\"wp-block-themeisle-blocks-advanced-column\"><div class=\"wp-block-image\">\n<figure class=\"aligncenter size-full\" id=\"wp-block-themeisle-blocks-image-31b641c9\"><a href=\"https:\/\/stylfront.pl\/fronty-ryflowane\/fl-08-2\/\"><img decoding=\"async\" src=\"https:\/\/stylfront.pl\/wp-content\/uploads\/2023\/08\/FL-08-1-scaled.jpg\" alt=\"\"\/><\/a><figcaption class=\"wp-element-caption\">FL 08<\/figcaption><\/figure>\n<\/div><\/div>\n\n\n\n<div id=\"wp-block-themeisle-blocks-advanced-column-eb128e80\" class=\"wp-block-themeisle-blocks-advanced-column\"><div class=\"wp-block-image\">\n<figure class=\"aligncenter size-full\" id=\"wp-block-themeisle-blocks-image-221c06db\"><a href=\"https:\/\/stylfront.pl\/fronty-ryflowane\/fl-09-4\/\"><img decoding=\"async\" src=\"https:\/\/stylfront.pl\/wp-content\/uploads\/2023\/08\/FL-09-3-1-scaled.jpeg\" alt=\"\"\/><\/a><figcaption class=\"wp-element-caption\">FL 09<\/figcaption><\/figure>\n<\/div><\/div>\n\n\n\n<div id=\"wp-block-themeisle-blocks-advanced-column-f06a928e\" class=\"wp-block-themeisle-blocks-advanced-column\"><div class=\"wp-block-image\">\n<figure class=\"aligncenter size-full\" id=\"wp-block-themeisle-blocks-image-a8354fc5\"><a href=\"https:\/\/stylfront.pl\/fronty-ryflowane\/fl-10-4\/\"><img decoding=\"async\" src=\"https:\/\/stylfront.pl\/wp-content\/uploads\/2023\/08\/Fl-10-3-scaled.jpeg\" alt=\"\"\/><\/a><figcaption class=\"wp-element-caption\">FL 10<\/figcaption><\/figure>\n<\/div><\/div>\n<\/div><\/section>\n\n\n\n<section id=\"wp-block-themeisle-blocks-advanced-columns-7bbc48e0\" class=\"wp-block-themeisle-blocks-advanced-columns has-5-columns has-desktop-equal-layout has-tablet-equal-layout has-mobile-collapsedRows-layout has-vertical-flex-start\"><div class=\"wp-block-themeisle-blocks-advanced-columns-overlay\"><\/div><div class=\"innerblocks-wrap\">\n<div id=\"wp-block-themeisle-blocks-advanced-column-5e1dd041\" class=\"wp-block-themeisle-blocks-advanced-column\"><div class=\"wp-block-image\">\n<figure class=\"aligncenter size-full\" id=\"wp-block-themeisle-blocks-image-f78c4f56\"><a href=\"https:\/\/stylfront.pl\/fronty-ryflowane\/fl-11\/\"><img decoding=\"async\" src=\"https:\/\/stylfront.pl\/wp-content\/uploads\/2025\/02\/20240813Lamela1_03-scaled.jpg\" alt=\"\"\/><\/a><figcaption class=\"wp-element-caption\">FL 11 (gr. 22mm)<\/figcaption><\/figure>\n<\/div><\/div>\n\n\n\n<div id=\"wp-block-themeisle-blocks-advanced-column-f47eab28\" class=\"wp-block-themeisle-blocks-advanced-column\"><div class=\"wp-block-image\">\n<figure class=\"aligncenter size-full\" id=\"wp-block-themeisle-blocks-image-1a92fef7\"><a href=\"https:\/\/stylfront.pl\/fronty-ryflowane\/fl-12\/\"><img decoding=\"async\" src=\"https:\/\/stylfront.pl\/wp-content\/uploads\/2025\/02\/20240813Lamela2_03-scaled.jpg\" alt=\"\"\/><\/a><figcaption class=\"wp-element-caption\">FL 12<\/figcaption><\/figure>\n<\/div><\/div>\n\n\n\n<div id=\"wp-block-themeisle-blocks-advanced-column-3538d5b9\" class=\"wp-block-themeisle-blocks-advanced-column\"><\/div>\n\n\n\n<div id=\"wp-block-themeisle-blocks-advanced-column-e650bdd9\" class=\"wp-block-themeisle-blocks-advanced-column\"><\/div>\n\n\n\n<div id=\"wp-block-themeisle-blocks-advanced-column-7cf4db06\" class=\"wp-block-themeisle-blocks-advanced-column\"><\/div>\n<\/div><\/section>\n\n\n\n<p class=\"has-text-align-center\">Wi\u0119cej informacji o wymienionych wzorach znajd\u0105 Pa\u0144stwo w naszym <a href=\"https:\/\/stylfront.pl\/wp-content\/uploads\/2024\/09\/Stylfront-2024-Katalog_compressed.pdf\">katalogu<\/a>.<\/p>\n\n\n\n<p><\/p>\n","protected":false},"excerpt":{"rendered":"<p>Przedstawiamy pa\u0144stwu wzory front\u00f3w lakierowanych ryflowanych. S\u0105 to fronty wykonane z p\u0142yty MDF malowane wed\u0142ug wzornika ICA, RAL, Renner, NCS. Wi\u0119cej informacji o wymienionych wzorach znajd\u0105 Pa\u0144stwo w naszym katalogu.<\/p>\n","protected":false},"author":2,"featured_media":0,"parent":0,"menu_order":0,"comment_status":"closed","ping_status":"closed","template":"page-templates\/template-pagebuilder-full-width.php","meta":{"neve_meta_sidebar":"","neve_meta_container":"","neve_meta_enable_content_width":"","neve_meta_content_width":0,"neve_meta_title_alignment":"","neve_meta_author_avatar":"","neve_post_elements_order":"","neve_meta_disable_header":"","neve_meta_disable_footer":"","neve_meta_disable_title":"","neve_meta_reading_time":"","_themeisle_gutenberg_block_has_review":false,"footnotes":""},"class_list":["post-1992","page","type-page","status-publish","hentry"],"yoast_head":"<!-- This site is optimized with the Yoast SEO plugin v26.7 - https:\/\/yoast.com\/wordpress\/plugins\/seo\/ -->\n<title>Fronty Ryflowane - Stylfront<\/title>\n<meta name=\"description\" content=\"Fronty ryflowane \u2013 nowoczesne wzory i modne kolory. Stylowe fronty ryflowane do kuchni i zabud\u00f3w meblowych, trwa\u0142e i efektowne.\" \/>\n<meta name=\"robots\" content=\"index, follow, max-snippet:-1, max-image-preview:large, max-video-preview:-1\" \/>\n<link rel=\"canonical\" href=\"https:\/\/stylfront.pl\/en\/fronty-ryflowane\/\" \/>\n<meta property=\"og:locale\" content=\"en_US\" \/>\n<meta property=\"og:locale:alternate\" content=\"pl_PL\" \/>\n<meta property=\"og:type\" content=\"article\" \/>\n<meta property=\"og:title\" content=\"Fronty Ryflowane - Stylfront\" \/>\n<meta property=\"og:description\" content=\"Fronty ryflowane \u2013 nowoczesne wzory i modne kolory. Stylowe fronty ryflowane do kuchni i zabud\u00f3w meblowych, trwa\u0142e i efektowne.\" \/>\n<meta property=\"og:url\" content=\"https:\/\/stylfront.pl\/en\/fronty-ryflowane\/\" \/>\n<meta property=\"og:site_name\" content=\"Stylfront\" \/>\n<meta property=\"article:publisher\" content=\"https:\/\/www.facebook.com\/stylfront\" \/>\n<meta property=\"article:modified_time\" content=\"2026-02-24T07:33:23+00:00\" \/>\n<meta property=\"og:image\" content=\"https:\/\/stylfront.pl\/wp-content\/uploads\/2023\/08\/FL-01-2.jpg\" \/>\n<meta name=\"twitter:card\" content=\"summary_large_image\" \/>\n<meta name=\"twitter:label1\" content=\"Est. reading time\" \/>\n\t<meta name=\"twitter:data1\" content=\"4 minutes\" \/>\n<script type=\"application\/ld+json\" class=\"yoast-schema-graph\">{\"@context\":\"https:\/\/schema.org\",\"@graph\":[{\"@type\":\"WebPage\",\"@id\":\"https:\/\/stylfront.pl\/fronty-ryflowane\/\",\"url\":\"https:\/\/stylfront.pl\/fronty-ryflowane\/\",\"name\":\"Fronty Ryflowane - Stylfront\",\"isPartOf\":{\"@id\":\"https:\/\/stylfront.pl\/#website\"},\"primaryImageOfPage\":{\"@id\":\"https:\/\/stylfront.pl\/fronty-ryflowane\/#primaryimage\"},\"image\":{\"@id\":\"https:\/\/stylfront.pl\/fronty-ryflowane\/#primaryimage\"},\"thumbnailUrl\":\"https:\/\/stylfront.pl\/wp-content\/uploads\/2023\/08\/FL-01-2.jpg\",\"datePublished\":\"2023-08-10T14:26:04+00:00\",\"dateModified\":\"2026-02-24T07:33:23+00:00\",\"description\":\"Fronty ryflowane \u2013 nowoczesne wzory i modne kolory. Stylowe fronty ryflowane do kuchni i zabud\u00f3w meblowych, trwa\u0142e i efektowne.\",\"breadcrumb\":{\"@id\":\"https:\/\/stylfront.pl\/fronty-ryflowane\/#breadcrumb\"},\"inLanguage\":\"en-US\",\"potentialAction\":[{\"@type\":\"ReadAction\",\"target\":[\"https:\/\/stylfront.pl\/fronty-ryflowane\/\"]}]},{\"@type\":\"ImageObject\",\"inLanguage\":\"en-US\",\"@id\":\"https:\/\/stylfront.pl\/fronty-ryflowane\/#primaryimage\",\"url\":\"https:\/\/stylfront.pl\/wp-content\/uploads\/2023\/08\/FL-01-2.jpg\",\"contentUrl\":\"https:\/\/stylfront.pl\/wp-content\/uploads\/2023\/08\/FL-01-2.jpg\"},{\"@type\":\"BreadcrumbList\",\"@id\":\"https:\/\/stylfront.pl\/fronty-ryflowane\/#breadcrumb\",\"itemListElement\":[{\"@type\":\"ListItem\",\"position\":1,\"name\":\"Strona g\u0142\u00f3wna\",\"item\":\"https:\/\/stylfront.pl\/\"},{\"@type\":\"ListItem\",\"position\":2,\"name\":\"Fronty Ryflowane\"}]},{\"@type\":\"WebSite\",\"@id\":\"https:\/\/stylfront.pl\/#website\",\"url\":\"https:\/\/stylfront.pl\/\",\"name\":\"Stylfront\",\"description\":\"Fronty meblowe \/ kuchenne na wymiar\",\"publisher\":{\"@id\":\"https:\/\/stylfront.pl\/#organization\"},\"potentialAction\":[{\"@type\":\"SearchAction\",\"target\":{\"@type\":\"EntryPoint\",\"urlTemplate\":\"https:\/\/stylfront.pl\/?s={search_term_string}\"},\"query-input\":{\"@type\":\"PropertyValueSpecification\",\"valueRequired\":true,\"valueName\":\"search_term_string\"}}],\"inLanguage\":\"en-US\"},{\"@type\":\"Organization\",\"@id\":\"https:\/\/stylfront.pl\/#organization\",\"name\":\"Stylfront\",\"url\":\"https:\/\/stylfront.pl\/\",\"logo\":{\"@type\":\"ImageObject\",\"inLanguage\":\"en-US\",\"@id\":\"https:\/\/stylfront.pl\/#\/schema\/logo\/image\/\",\"url\":\"https:\/\/stylfront.pl\/wp-content\/uploads\/2023\/06\/logo-Stylfront.png\",\"contentUrl\":\"https:\/\/stylfront.pl\/wp-content\/uploads\/2023\/06\/logo-Stylfront.png\",\"width\":365,\"height\":100,\"caption\":\"Stylfront\"},\"image\":{\"@id\":\"https:\/\/stylfront.pl\/#\/schema\/logo\/image\/\"},\"sameAs\":[\"https:\/\/www.facebook.com\/stylfront\",\"https:\/\/www.youtube.com\/watch?v=XCCMCF2nz6M\",\"https:\/\/www.instagram.com\/stylfront\/\"]}]}<\/script>\n<!-- \/ Yoast SEO plugin. -->","yoast_head_json":{"title":"Fronty Ryflowane - Stylfront","description":"Fronty ryflowane \u2013 nowoczesne wzory i modne kolory. Stylowe fronty ryflowane do kuchni i zabud\u00f3w meblowych, trwa\u0142e i efektowne.","robots":{"index":"index","follow":"follow","max-snippet":"max-snippet:-1","max-image-preview":"max-image-preview:large","max-video-preview":"max-video-preview:-1"},"canonical":"https:\/\/stylfront.pl\/en\/fronty-ryflowane\/","og_locale":"en_US","og_type":"article","og_title":"Fronty Ryflowane - Stylfront","og_description":"Fronty ryflowane \u2013 nowoczesne wzory i modne kolory. Stylowe fronty ryflowane do kuchni i zabud\u00f3w meblowych, trwa\u0142e i efektowne.","og_url":"https:\/\/stylfront.pl\/en\/fronty-ryflowane\/","og_site_name":"Stylfront","article_publisher":"https:\/\/www.facebook.com\/stylfront","article_modified_time":"2026-02-24T07:33:23+00:00","og_image":[{"url":"https:\/\/stylfront.pl\/wp-content\/uploads\/2023\/08\/FL-01-2.jpg","type":"","width":"","height":""}],"twitter_card":"summary_large_image","twitter_misc":{"Est. reading time":"4 minutes"},"schema":{"@context":"https:\/\/schema.org","@graph":[{"@type":"WebPage","@id":"https:\/\/stylfront.pl\/fronty-ryflowane\/","url":"https:\/\/stylfront.pl\/fronty-ryflowane\/","name":"Fronty Ryflowane - Stylfront","isPartOf":{"@id":"https:\/\/stylfront.pl\/#website"},"primaryImageOfPage":{"@id":"https:\/\/stylfront.pl\/fronty-ryflowane\/#primaryimage"},"image":{"@id":"https:\/\/stylfront.pl\/fronty-ryflowane\/#primaryimage"},"thumbnailUrl":"https:\/\/stylfront.pl\/wp-content\/uploads\/2023\/08\/FL-01-2.jpg","datePublished":"2023-08-10T14:26:04+00:00","dateModified":"2026-02-24T07:33:23+00:00","description":"Fronty ryflowane \u2013 nowoczesne wzory i modne kolory. Stylowe fronty ryflowane do kuchni i zabud\u00f3w meblowych, trwa\u0142e i efektowne.","breadcrumb":{"@id":"https:\/\/stylfront.pl\/fronty-ryflowane\/#breadcrumb"},"inLanguage":"en-US","potentialAction":[{"@type":"ReadAction","target":["https:\/\/stylfront.pl\/fronty-ryflowane\/"]}]},{"@type":"ImageObject","inLanguage":"en-US","@id":"https:\/\/stylfront.pl\/fronty-ryflowane\/#primaryimage","url":"https:\/\/stylfront.pl\/wp-content\/uploads\/2023\/08\/FL-01-2.jpg","contentUrl":"https:\/\/stylfront.pl\/wp-content\/uploads\/2023\/08\/FL-01-2.jpg"},{"@type":"BreadcrumbList","@id":"https:\/\/stylfront.pl\/fronty-ryflowane\/#breadcrumb","itemListElement":[{"@type":"ListItem","position":1,"name":"Strona g\u0142\u00f3wna","item":"https:\/\/stylfront.pl\/"},{"@type":"ListItem","position":2,"name":"Fronty Ryflowane"}]},{"@type":"WebSite","@id":"https:\/\/stylfront.pl\/#website","url":"https:\/\/stylfront.pl\/","name":"Stylfront","description":"Fronty meblowe \/ kuchenne na wymiar","publisher":{"@id":"https:\/\/stylfront.pl\/#organization"},"potentialAction":[{"@type":"SearchAction","target":{"@type":"EntryPoint","urlTemplate":"https:\/\/stylfront.pl\/?s={search_term_string}"},"query-input":{"@type":"PropertyValueSpecification","valueRequired":true,"valueName":"search_term_string"}}],"inLanguage":"en-US"},{"@type":"Organization","@id":"https:\/\/stylfront.pl\/#organization","name":"Stylfront","url":"https:\/\/stylfront.pl\/","logo":{"@type":"ImageObject","inLanguage":"en-US","@id":"https:\/\/stylfront.pl\/#\/schema\/logo\/image\/","url":"https:\/\/stylfront.pl\/wp-content\/uploads\/2023\/06\/logo-Stylfront.png","contentUrl":"https:\/\/stylfront.pl\/wp-content\/uploads\/2023\/06\/logo-Stylfront.png","width":365,"height":100,"caption":"Stylfront"},"image":{"@id":"https:\/\/stylfront.pl\/#\/schema\/logo\/image\/"},"sameAs":["https:\/\/www.facebook.com\/stylfront","https:\/\/www.youtube.com\/watch?v=XCCMCF2nz6M","https:\/\/www.instagram.com\/stylfront\/"]}]}},"_links":{"self":[{"href":"https:\/\/stylfront.pl\/en\/wp-json\/wp\/v2\/pages\/1992","targetHints":{"allow":["GET"]}}],"collection":[{"href":"https:\/\/stylfront.pl\/en\/wp-json\/wp\/v2\/pages"}],"about":[{"href":"https:\/\/stylfront.pl\/en\/wp-json\/wp\/v2\/types\/page"}],"author":[{"embeddable":true,"href":"https:\/\/stylfront.pl\/en\/wp-json\/wp\/v2\/users\/2"}],"replies":[{"embeddable":true,"href":"https:\/\/stylfront.pl\/en\/wp-json\/wp\/v2\/comments?post=1992"}],"version-history":[{"count":37,"href":"https:\/\/stylfront.pl\/en\/wp-json\/wp\/v2\/pages\/1992\/revisions"}],"predecessor-version":[{"id":3522,"href":"https:\/\/stylfront.pl\/en\/wp-json\/wp\/v2\/pages\/1992\/revisions\/3522"}],"wp:attachment":[{"href":"https:\/\/stylfront.pl\/en\/wp-json\/wp\/v2\/media?parent=1992"}],"curies":[{"name":"wp","href":"https:\/\/api.w.org\/{rel}","templated":true}]}}