{"id":1480,"date":"2023-07-19T10:16:23","date_gmt":"2023-07-19T08:16:23","guid":{"rendered":"https:\/\/stylfront.pl\/nowa_strona\/?page_id=1480"},"modified":"2026-02-24T07:57:52","modified_gmt":"2026-02-24T06:57:52","slug":"fronty-ekologiczne","status":"publish","type":"page","link":"https:\/\/stylfront.pl\/en\/fronty-ekologiczne\/","title":{"rendered":"Fronty ekologiczne"},"content":{"rendered":"\n<div id=\"wp-block-themeisle-blocks-advanced-columns-50d76ec4\" class=\"wp-block-themeisle-blocks-advanced-columns alignfull has-1-columns has-desktop-equal-layout has-tablet-equal-layout has-mobile-equal-layout has-vertical-center\"><div class=\"wp-block-themeisle-blocks-advanced-columns-overlay\"><\/div><div class=\"innerblocks-wrap\">\n<div id=\"wp-block-themeisle-blocks-advanced-column-4d049713\" class=\"wp-block-themeisle-blocks-advanced-column\">\n<h1 id=\"wp-block-themeisle-blocks-advanced-heading-706f65a4\" class=\"wp-block-themeisle-blocks-advanced-heading wp-block-themeisle-blocks-advanced-heading-706f65a4\">Fronty ekologiczne<\/h1>\n\n\n\n<p class=\"has-text-align-center has-nv-site-bg-color has-text-color has-medium-font-size\">Jako firma, kt\u00f3ra dostrzega konieczno\u015b\u0107 ochrony \u015brodowiska naturalnego i jego zasob\u00f3w, przedstawiamy Pa\u0144stwu kolekcj\u0119 ekologicznych front\u00f3w wykonanych z w\u0142oskich p\u0142yt meblowych pochodz\u0105cych w 100% z recyklingu.<\/p>\n<\/div>\n<\/div><\/div>\n\n\n\n<section id=\"wp-block-themeisle-blocks-advanced-columns-e4373a2b\" class=\"wp-block-themeisle-blocks-advanced-columns alignfull has-1-columns has-desktop-equal-layout has-tablet-equal-layout has-mobile-equal-layout has-vertical-flex-start\"><div class=\"wp-block-themeisle-blocks-advanced-columns-overlay\"><\/div><div class=\"innerblocks-wrap\">\n<div id=\"wp-block-themeisle-blocks-advanced-column-0b9db5af\" class=\"wp-block-themeisle-blocks-advanced-column\">\n<section id=\"wp-block-themeisle-blocks-advanced-columns-62d68e08\" class=\"wp-block-themeisle-blocks-advanced-columns has-1-columns has-desktop-equal-layout has-tablet-equal-layout has-mobile-collapsedRows-layout has-vertical-center\"><div class=\"wp-block-themeisle-blocks-advanced-columns-overlay\"><\/div><div class=\"innerblocks-wrap\">\n<div id=\"wp-block-themeisle-blocks-advanced-column-ba020b38\" class=\"wp-block-themeisle-blocks-advanced-column\">\n<span id=\"wp-block-themeisle-blocks-advanced-heading-acff9ebd\" class=\"wp-block-themeisle-blocks-advanced-heading wp-block-themeisle-blocks-advanced-heading-acff9ebd\">FRONTY EKOLOGICZNE<\/span>\n\n\n\n<h2 class=\"wp-block-heading wp-block-themeisle-blocks-advanced-heading wp-block-themeisle-blocks-advanced-heading-a3e4dce8\" id=\"wp-block-themeisle-blocks-advanced-heading-a3e4dce8\">FRONTY EKOLOGICZNE<\/h2>\n\n\n\n<p>100% z recyklingu. W\u0142oski design. Ekonomicznie i ekologicznie zr\u00f3wnowa\u017cony proces produkcji.<\/p>\n\n\n\n<div class=\"wp-block-file\"><a id=\"wp-block-file--media-02d97549-d521-49b2-924d-7d3625534db4\" href=\"https:\/\/stylfront.pl\/KATALOG2025\/mobile\/index.html\">Pobierz ca\u0142y katalog w wersji PDF.<\/a><a href=\"https:\/\/stylfront.pl\/wp-content\/uploads\/2024\/09\/Stylfront-2024-Katalog_compressed.pdf\" class=\"wp-block-file__button wp-element-button\" download aria-describedby=\"wp-block-file--media-02d97549-d521-49b2-924d-7d3625534db4\">Pobierz<\/a><\/div>\n<\/div>\n<\/div><\/section>\n\n\n\n<section id=\"wp-block-themeisle-blocks-advanced-columns-6fc7adce\" class=\"wp-block-themeisle-blocks-advanced-columns has-3-columns has-desktop-equal-layout has-tablet-equal-layout has-mobile-collapsedRows-layout has-vertical-flex-start\"><div class=\"wp-block-themeisle-blocks-advanced-columns-overlay\"><\/div><div class=\"innerblocks-wrap\">\n<div id=\"wp-block-themeisle-blocks-advanced-column-35a2f0c3\" class=\"wp-block-themeisle-blocks-advanced-column\"><div class=\"wp-block-image\">\n<figure class=\"aligncenter size-full is-resized\"><a href=\"https:\/\/stylfront.pl\/wp-content\/uploads\/2023\/07\/Dab-Antico-DR5-1.jpg\"><img fetchpriority=\"high\" decoding=\"async\" width=\"718\" height=\"328\" src=\"https:\/\/stylfront.pl\/wp-content\/uploads\/2023\/07\/Dab-Antico-DR5-1.jpg\" alt=\"D\u0105b Antico DR5\" class=\"wp-image-1531\" style=\"width:359px;height:164px\" srcset=\"https:\/\/stylfront.pl\/wp-content\/uploads\/2023\/07\/Dab-Antico-DR5-1.jpg 718w, https:\/\/stylfront.pl\/wp-content\/uploads\/2023\/07\/Dab-Antico-DR5-1-300x137.jpg 300w, https:\/\/stylfront.pl\/wp-content\/uploads\/2023\/07\/Dab-Antico-DR5-1-200x91.jpg 200w\" sizes=\"(max-width: 718px) 100vw, 718px\" \/><\/a><figcaption class=\"wp-element-caption\">D\u0105b Antico DR5<\/figcaption><\/figure>\n<\/div><\/div>\n\n\n\n<div id=\"wp-block-themeisle-blocks-advanced-column-b4e44092\" class=\"wp-block-themeisle-blocks-advanced-column\"><div class=\"wp-block-image\">\n<figure class=\"aligncenter size-full is-resized\"><a href=\"https:\/\/stylfront.pl\/wp-content\/uploads\/2023\/07\/Dab-Rebel-DB6.jpg\"><img decoding=\"async\" width=\"718\" height=\"328\" src=\"https:\/\/stylfront.pl\/wp-content\/uploads\/2023\/07\/Dab-Rebel-DB6.jpg\" alt=\"D\u0105b Rebel DB6\" class=\"wp-image-1533\" style=\"width:359px;height:164px\" srcset=\"https:\/\/stylfront.pl\/wp-content\/uploads\/2023\/07\/Dab-Rebel-DB6.jpg 718w, https:\/\/stylfront.pl\/wp-content\/uploads\/2023\/07\/Dab-Rebel-DB6-300x137.jpg 300w, https:\/\/stylfront.pl\/wp-content\/uploads\/2023\/07\/Dab-Rebel-DB6-200x91.jpg 200w\" sizes=\"(max-width: 718px) 100vw, 718px\" \/><\/a><figcaption class=\"wp-element-caption\">D\u0105b Rebel DB6<\/figcaption><\/figure>\n<\/div><\/div>\n\n\n\n<div id=\"wp-block-themeisle-blocks-advanced-column-76473fbb\" class=\"wp-block-themeisle-blocks-advanced-column\"><div class=\"wp-block-image\">\n<figure class=\"aligncenter size-full is-resized\"><a href=\"https:\/\/stylfront.pl\/wp-content\/uploads\/2023\/07\/Dab-Mabathu-A54-1.jpg\"><img decoding=\"async\" width=\"718\" height=\"328\" src=\"https:\/\/stylfront.pl\/wp-content\/uploads\/2023\/07\/Dab-Mabathu-A54-1.jpg\" alt=\"D\u0105b Mabathu A54\" class=\"wp-image-1534\" style=\"width:359px;height:164px\" srcset=\"https:\/\/stylfront.pl\/wp-content\/uploads\/2023\/07\/Dab-Mabathu-A54-1.jpg 718w, https:\/\/stylfront.pl\/wp-content\/uploads\/2023\/07\/Dab-Mabathu-A54-1-300x137.jpg 300w, https:\/\/stylfront.pl\/wp-content\/uploads\/2023\/07\/Dab-Mabathu-A54-1-200x91.jpg 200w\" sizes=\"(max-width: 718px) 100vw, 718px\" \/><\/a><figcaption class=\"wp-element-caption\">D\u0105b Mabathu A54<\/figcaption><\/figure>\n<\/div><\/div>\n<\/div><\/section>\n\n\n\n<section id=\"wp-block-themeisle-blocks-advanced-columns-2c54cbc8\" class=\"wp-block-themeisle-blocks-advanced-columns has-3-columns has-desktop-equal-layout has-tablet-equal-layout has-mobile-collapsedRows-layout has-vertical-flex-start\"><div class=\"wp-block-themeisle-blocks-advanced-columns-overlay\"><\/div><div class=\"innerblocks-wrap\">\n<div id=\"wp-block-themeisle-blocks-advanced-column-6fa8cf66\" class=\"wp-block-themeisle-blocks-advanced-column\"><div class=\"wp-block-image\">\n<figure class=\"aligncenter size-full is-resized\"><a href=\"https:\/\/stylfront.pl\/wp-content\/uploads\/2023\/07\/Dab-Riviera-D99.jpg\"><img loading=\"lazy\" decoding=\"async\" width=\"718\" height=\"328\" src=\"https:\/\/stylfront.pl\/wp-content\/uploads\/2023\/07\/Dab-Riviera-D99.jpg\" alt=\"D\u0105b Riviera D99\" class=\"wp-image-1549\" style=\"width:359px;height:164px\" srcset=\"https:\/\/stylfront.pl\/wp-content\/uploads\/2023\/07\/Dab-Riviera-D99.jpg 718w, https:\/\/stylfront.pl\/wp-content\/uploads\/2023\/07\/Dab-Riviera-D99-300x137.jpg 300w, https:\/\/stylfront.pl\/wp-content\/uploads\/2023\/07\/Dab-Riviera-D99-200x91.jpg 200w\" sizes=\"(max-width: 718px) 100vw, 718px\" \/><\/a><figcaption class=\"wp-element-caption\">D\u0105b Riviera D99<\/figcaption><\/figure>\n<\/div><\/div>\n\n\n\n<div id=\"wp-block-themeisle-blocks-advanced-column-3f47fde2\" class=\"wp-block-themeisle-blocks-advanced-column\"><div class=\"wp-block-image\">\n<figure class=\"aligncenter size-full is-resized\"><a href=\"https:\/\/stylfront.pl\/wp-content\/uploads\/2023\/07\/Dab-Sabbia-P52-1.jpg\"><img loading=\"lazy\" decoding=\"async\" width=\"718\" height=\"328\" src=\"https:\/\/stylfront.pl\/wp-content\/uploads\/2023\/07\/Dab-Sabbia-P52-1.jpg\" alt=\"D\u0105b Sabbia P52\" class=\"wp-image-1540\" style=\"width:359px;height:164px\" srcset=\"https:\/\/stylfront.pl\/wp-content\/uploads\/2023\/07\/Dab-Sabbia-P52-1.jpg 718w, https:\/\/stylfront.pl\/wp-content\/uploads\/2023\/07\/Dab-Sabbia-P52-1-300x137.jpg 300w, https:\/\/stylfront.pl\/wp-content\/uploads\/2023\/07\/Dab-Sabbia-P52-1-200x91.jpg 200w\" sizes=\"(max-width: 718px) 100vw, 718px\" \/><\/a><figcaption class=\"wp-element-caption\">D\u0105b Sabbia P52<\/figcaption><\/figure>\n<\/div><\/div>\n\n\n\n<div id=\"wp-block-themeisle-blocks-advanced-column-d713ac27\" class=\"wp-block-themeisle-blocks-advanced-column\"><div class=\"wp-block-image\">\n<figure class=\"aligncenter size-full is-resized\"><a href=\"https:\/\/stylfront.pl\/wp-content\/uploads\/2023\/07\/Kasztan-Scuro-D18-1.jpg\"><img loading=\"lazy\" decoding=\"async\" width=\"718\" height=\"328\" src=\"https:\/\/stylfront.pl\/wp-content\/uploads\/2023\/07\/Kasztan-Scuro-D18-1.jpg\" alt=\"Kasztan Scuro D18\" class=\"wp-image-1541\" style=\"width:359px;height:164px\" srcset=\"https:\/\/stylfront.pl\/wp-content\/uploads\/2023\/07\/Kasztan-Scuro-D18-1.jpg 718w, https:\/\/stylfront.pl\/wp-content\/uploads\/2023\/07\/Kasztan-Scuro-D18-1-300x137.jpg 300w, https:\/\/stylfront.pl\/wp-content\/uploads\/2023\/07\/Kasztan-Scuro-D18-1-200x91.jpg 200w\" sizes=\"(max-width: 718px) 100vw, 718px\" \/><\/a><figcaption class=\"wp-element-caption\">Kasztan Scuro D18<\/figcaption><\/figure>\n<\/div><\/div>\n<\/div><\/section>\n\n\n\n<section id=\"wp-block-themeisle-blocks-advanced-columns-c49f4946\" class=\"wp-block-themeisle-blocks-advanced-columns has-3-columns has-desktop-equal-layout has-tablet-equal-layout has-mobile-collapsedRows-layout has-vertical-flex-start\"><div class=\"wp-block-themeisle-blocks-advanced-columns-overlay\"><\/div><div class=\"innerblocks-wrap\">\n<div id=\"wp-block-themeisle-blocks-advanced-column-74295f54\" class=\"wp-block-themeisle-blocks-advanced-column\"><div class=\"wp-block-image\">\n<figure class=\"aligncenter size-full is-resized\"><a href=\"https:\/\/stylfront.pl\/wp-content\/uploads\/2023\/07\/Dab-Grigio-DV4-1.jpg\"><img loading=\"lazy\" decoding=\"async\" width=\"718\" height=\"328\" src=\"https:\/\/stylfront.pl\/wp-content\/uploads\/2023\/07\/Dab-Grigio-DV4-1.jpg\" alt=\"D\u0105b Grigio DV4\" class=\"wp-image-1542\" style=\"width:359px;height:164px\" srcset=\"https:\/\/stylfront.pl\/wp-content\/uploads\/2023\/07\/Dab-Grigio-DV4-1.jpg 718w, https:\/\/stylfront.pl\/wp-content\/uploads\/2023\/07\/Dab-Grigio-DV4-1-300x137.jpg 300w, https:\/\/stylfront.pl\/wp-content\/uploads\/2023\/07\/Dab-Grigio-DV4-1-200x91.jpg 200w\" sizes=\"(max-width: 718px) 100vw, 718px\" \/><\/a><figcaption class=\"wp-element-caption\">D\u0105b Grigio DV4<\/figcaption><\/figure>\n<\/div><\/div>\n\n\n\n<div id=\"wp-block-themeisle-blocks-advanced-column-5554fbdb\" class=\"wp-block-themeisle-blocks-advanced-column\"><div class=\"wp-block-image\">\n<figure class=\"aligncenter size-full is-resized\"><a href=\"https:\/\/stylfront.pl\/wp-content\/uploads\/2023\/07\/Kora-Bruciato-DS2-2.jpg\"><img loading=\"lazy\" decoding=\"async\" width=\"718\" height=\"328\" src=\"https:\/\/stylfront.pl\/wp-content\/uploads\/2023\/07\/Kora-Bruciato-DS2-2.jpg\" alt=\"Kora Bruciato\nDS2\" class=\"wp-image-1548\" style=\"width:359px;height:164px\" srcset=\"https:\/\/stylfront.pl\/wp-content\/uploads\/2023\/07\/Kora-Bruciato-DS2-2.jpg 718w, https:\/\/stylfront.pl\/wp-content\/uploads\/2023\/07\/Kora-Bruciato-DS2-2-300x137.jpg 300w, https:\/\/stylfront.pl\/wp-content\/uploads\/2023\/07\/Kora-Bruciato-DS2-2-200x91.jpg 200w\" sizes=\"(max-width: 718px) 100vw, 718px\" \/><\/a><figcaption class=\"wp-element-caption\">Kora Bruciato<br>DS2<\/figcaption><\/figure>\n<\/div><\/div>\n\n\n\n<div id=\"wp-block-themeisle-blocks-advanced-column-c0e53718\" class=\"wp-block-themeisle-blocks-advanced-column\"><div class=\"wp-block-image\">\n<figure class=\"aligncenter size-full is-resized\"><a href=\"https:\/\/stylfront.pl\/wp-content\/uploads\/2023\/07\/Dab-Tavola-P63-1.jpg\"><img loading=\"lazy\" decoding=\"async\" width=\"718\" height=\"328\" src=\"https:\/\/stylfront.pl\/wp-content\/uploads\/2023\/07\/Dab-Tavola-P63-1.jpg\" alt=\"D\u0105b Tavola P63\" class=\"wp-image-1544\" style=\"width:359px;height:164px\" srcset=\"https:\/\/stylfront.pl\/wp-content\/uploads\/2023\/07\/Dab-Tavola-P63-1.jpg 718w, https:\/\/stylfront.pl\/wp-content\/uploads\/2023\/07\/Dab-Tavola-P63-1-300x137.jpg 300w, https:\/\/stylfront.pl\/wp-content\/uploads\/2023\/07\/Dab-Tavola-P63-1-200x91.jpg 200w\" sizes=\"(max-width: 718px) 100vw, 718px\" \/><\/a><figcaption class=\"wp-element-caption\">D\u0105b Tavola P63<\/figcaption><\/figure>\n<\/div><\/div>\n<\/div><\/section>\n\n\n\n<section id=\"wp-block-themeisle-blocks-advanced-columns-0d4e8189\" class=\"wp-block-themeisle-blocks-advanced-columns has-3-columns has-desktop-equal-layout has-tablet-equal-layout has-mobile-collapsedRows-layout has-vertical-flex-start\"><div class=\"wp-block-themeisle-blocks-advanced-columns-overlay\"><\/div><div class=\"innerblocks-wrap\">\n<div id=\"wp-block-themeisle-blocks-advanced-column-d230f6ce\" class=\"wp-block-themeisle-blocks-advanced-column\"><div class=\"wp-block-image\">\n<figure class=\"aligncenter size-full is-resized\"><a href=\"https:\/\/stylfront.pl\/wp-content\/uploads\/2023\/07\/Cement-Italia-DN8-1.jpg\"><img loading=\"lazy\" decoding=\"async\" width=\"718\" height=\"328\" src=\"https:\/\/stylfront.pl\/wp-content\/uploads\/2023\/07\/Cement-Italia-DN8-1.jpg\" alt=\"Cement Italia DN8\" class=\"wp-image-1545\" style=\"width:359px;height:164px\" srcset=\"https:\/\/stylfront.pl\/wp-content\/uploads\/2023\/07\/Cement-Italia-DN8-1.jpg 718w, https:\/\/stylfront.pl\/wp-content\/uploads\/2023\/07\/Cement-Italia-DN8-1-300x137.jpg 300w, https:\/\/stylfront.pl\/wp-content\/uploads\/2023\/07\/Cement-Italia-DN8-1-200x91.jpg 200w\" sizes=\"(max-width: 718px) 100vw, 718px\" \/><\/a><figcaption class=\"wp-element-caption\">Cement Italia DN8<\/figcaption><\/figure>\n<\/div><\/div>\n\n\n\n<div id=\"wp-block-themeisle-blocks-advanced-column-50977ca7\" class=\"wp-block-themeisle-blocks-advanced-column\"><div class=\"wp-block-image\">\n<figure class=\"aligncenter size-full is-resized\"><a href=\"https:\/\/stylfront.pl\/wp-content\/uploads\/2023\/07\/Dab-Scuro-P64-1.jpg\"><img loading=\"lazy\" decoding=\"async\" width=\"718\" height=\"328\" src=\"https:\/\/stylfront.pl\/wp-content\/uploads\/2023\/07\/Dab-Scuro-P64-1.jpg\" alt=\"D\u0105b Scuro P64\" class=\"wp-image-1546\" style=\"width:359px;height:164px\" srcset=\"https:\/\/stylfront.pl\/wp-content\/uploads\/2023\/07\/Dab-Scuro-P64-1.jpg 718w, https:\/\/stylfront.pl\/wp-content\/uploads\/2023\/07\/Dab-Scuro-P64-1-300x137.jpg 300w, https:\/\/stylfront.pl\/wp-content\/uploads\/2023\/07\/Dab-Scuro-P64-1-200x91.jpg 200w\" sizes=\"(max-width: 718px) 100vw, 718px\" \/><\/a><figcaption class=\"wp-element-caption\">D\u0105b Scuro P64<\/figcaption><\/figure>\n<\/div><\/div>\n\n\n\n<div id=\"wp-block-themeisle-blocks-advanced-column-45b7c742\" class=\"wp-block-themeisle-blocks-advanced-column\"><div class=\"wp-block-image\">\n<figure class=\"aligncenter size-full is-resized\"><a href=\"https:\/\/stylfront.pl\/wp-content\/uploads\/2023\/07\/Cement-Kiruna-DT4.jpg\"><img loading=\"lazy\" decoding=\"async\" width=\"718\" height=\"328\" src=\"https:\/\/stylfront.pl\/wp-content\/uploads\/2023\/07\/Cement-Kiruna-DT4.jpg\" alt=\"Cement Kiruna\nDT4\" class=\"wp-image-1547\" style=\"width:359px;height:164px\" srcset=\"https:\/\/stylfront.pl\/wp-content\/uploads\/2023\/07\/Cement-Kiruna-DT4.jpg 718w, https:\/\/stylfront.pl\/wp-content\/uploads\/2023\/07\/Cement-Kiruna-DT4-300x137.jpg 300w, https:\/\/stylfront.pl\/wp-content\/uploads\/2023\/07\/Cement-Kiruna-DT4-200x91.jpg 200w\" sizes=\"(max-width: 718px) 100vw, 718px\" \/><\/a><figcaption class=\"wp-element-caption\">Cement Kiruna DT4<\/figcaption><\/figure>\n<\/div><\/div>\n<\/div><\/section>\n\n\n\n<section id=\"wp-block-themeisle-blocks-advanced-columns-6e8bed21\" class=\"wp-block-themeisle-blocks-advanced-columns has-3-columns has-desktop-equal-layout has-tablet-equal-layout has-mobile-collapsedRows-layout has-vertical-flex-start\"><div class=\"wp-block-themeisle-blocks-advanced-columns-overlay\"><\/div><div class=\"innerblocks-wrap\">\n<div id=\"wp-block-themeisle-blocks-advanced-column-09a44a0f\" class=\"wp-block-themeisle-blocks-advanced-column\"><\/div>\n\n\n\n<div id=\"wp-block-themeisle-blocks-advanced-column-eb050945\" class=\"wp-block-themeisle-blocks-advanced-column\"><\/div>\n\n\n\n<div id=\"wp-block-themeisle-blocks-advanced-column-add96279\" class=\"wp-block-themeisle-blocks-advanced-column\"><\/div>\n<\/div><\/section>\n<\/div>\n<\/div><\/section>\n","protected":false},"excerpt":{"rendered":"","protected":false},"author":1,"featured_media":0,"parent":0,"menu_order":0,"comment_status":"closed","ping_status":"closed","template":"page-templates\/template-pagebuilder-full-width.php","meta":{"neve_meta_sidebar":"","neve_meta_container":"","neve_meta_enable_content_width":"","neve_meta_content_width":0,"neve_meta_title_alignment":"","neve_meta_author_avatar":"","neve_post_elements_order":"","neve_meta_disable_header":"","neve_meta_disable_footer":"","neve_meta_disable_title":"","neve_meta_reading_time":"","_themeisle_gutenberg_block_has_review":false,"footnotes":""},"class_list":["post-1480","page","type-page","status-publish","hentry"],"yoast_head":"<!-- This site is optimized with the Yoast SEO plugin v26.7 - https:\/\/yoast.com\/wordpress\/plugins\/seo\/ -->\n<title>Fronty ekologiczne - Stylfront<\/title>\n<meta name=\"description\" content=\"Fronty ekologiczne w 100% z recyklingu. W\u0142oski design. Ekonomicznie i ekologicznie zr\u00f3wnowa\u017cony proces produkcji.\" \/>\n<meta name=\"robots\" content=\"index, follow, max-snippet:-1, max-image-preview:large, max-video-preview:-1\" \/>\n<link rel=\"canonical\" href=\"https:\/\/stylfront.pl\/en\/fronty-ekologiczne\/\" \/>\n<meta property=\"og:locale\" content=\"en_US\" \/>\n<meta property=\"og:locale:alternate\" content=\"pl_PL\" \/>\n<meta property=\"og:type\" content=\"article\" \/>\n<meta property=\"og:title\" content=\"Fronty ekologiczne - Stylfront\" \/>\n<meta property=\"og:description\" content=\"Fronty ekologiczne w 100% z recyklingu. W\u0142oski design. Ekonomicznie i ekologicznie zr\u00f3wnowa\u017cony proces produkcji.\" \/>\n<meta property=\"og:url\" content=\"https:\/\/stylfront.pl\/en\/fronty-ekologiczne\/\" \/>\n<meta property=\"og:site_name\" content=\"Stylfront\" \/>\n<meta property=\"article:publisher\" content=\"https:\/\/www.facebook.com\/stylfront\" \/>\n<meta property=\"article:modified_time\" content=\"2026-02-24T06:57:52+00:00\" \/>\n<meta property=\"og:image\" content=\"https:\/\/stylfront.pl\/wp-content\/uploads\/2023\/07\/Dab-Antico-DR5-1.jpg\" \/>\n\t<meta property=\"og:image:width\" content=\"718\" \/>\n\t<meta property=\"og:image:height\" content=\"328\" \/>\n\t<meta property=\"og:image:type\" content=\"image\/jpeg\" \/>\n<meta name=\"twitter:card\" content=\"summary_large_image\" \/>\n<meta name=\"twitter:label1\" content=\"Est. reading time\" \/>\n\t<meta name=\"twitter:data1\" content=\"3 minutes\" \/>\n<script type=\"application\/ld+json\" class=\"yoast-schema-graph\">{\"@context\":\"https:\/\/schema.org\",\"@graph\":[{\"@type\":\"WebPage\",\"@id\":\"https:\/\/stylfront.pl\/fronty-ekologiczne\/\",\"url\":\"https:\/\/stylfront.pl\/fronty-ekologiczne\/\",\"name\":\"Fronty ekologiczne - Stylfront\",\"isPartOf\":{\"@id\":\"https:\/\/stylfront.pl\/#website\"},\"primaryImageOfPage\":{\"@id\":\"https:\/\/stylfront.pl\/fronty-ekologiczne\/#primaryimage\"},\"image\":{\"@id\":\"https:\/\/stylfront.pl\/fronty-ekologiczne\/#primaryimage\"},\"thumbnailUrl\":\"https:\/\/stylfront.pl\/wp-content\/uploads\/2023\/07\/Dab-Antico-DR5-1.jpg\",\"datePublished\":\"2023-07-19T08:16:23+00:00\",\"dateModified\":\"2026-02-24T06:57:52+00:00\",\"description\":\"Fronty ekologiczne w 100% z recyklingu. W\u0142oski design. Ekonomicznie i ekologicznie zr\u00f3wnowa\u017cony proces produkcji.\",\"breadcrumb\":{\"@id\":\"https:\/\/stylfront.pl\/fronty-ekologiczne\/#breadcrumb\"},\"inLanguage\":\"en-US\",\"potentialAction\":[{\"@type\":\"ReadAction\",\"target\":[\"https:\/\/stylfront.pl\/fronty-ekologiczne\/\"]}]},{\"@type\":\"ImageObject\",\"inLanguage\":\"en-US\",\"@id\":\"https:\/\/stylfront.pl\/fronty-ekologiczne\/#primaryimage\",\"url\":\"https:\/\/stylfront.pl\/wp-content\/uploads\/2023\/07\/Dab-Antico-DR5-1.jpg\",\"contentUrl\":\"https:\/\/stylfront.pl\/wp-content\/uploads\/2023\/07\/Dab-Antico-DR5-1.jpg\"},{\"@type\":\"BreadcrumbList\",\"@id\":\"https:\/\/stylfront.pl\/fronty-ekologiczne\/#breadcrumb\",\"itemListElement\":[{\"@type\":\"ListItem\",\"position\":1,\"name\":\"Strona g\u0142\u00f3wna\",\"item\":\"https:\/\/stylfront.pl\/\"},{\"@type\":\"ListItem\",\"position\":2,\"name\":\"Fronty ekologiczne\"}]},{\"@type\":\"WebSite\",\"@id\":\"https:\/\/stylfront.pl\/#website\",\"url\":\"https:\/\/stylfront.pl\/\",\"name\":\"Stylfront\",\"description\":\"Fronty meblowe \/ kuchenne na wymiar\",\"publisher\":{\"@id\":\"https:\/\/stylfront.pl\/#organization\"},\"potentialAction\":[{\"@type\":\"SearchAction\",\"target\":{\"@type\":\"EntryPoint\",\"urlTemplate\":\"https:\/\/stylfront.pl\/?s={search_term_string}\"},\"query-input\":{\"@type\":\"PropertyValueSpecification\",\"valueRequired\":true,\"valueName\":\"search_term_string\"}}],\"inLanguage\":\"en-US\"},{\"@type\":\"Organization\",\"@id\":\"https:\/\/stylfront.pl\/#organization\",\"name\":\"Stylfront\",\"url\":\"https:\/\/stylfront.pl\/\",\"logo\":{\"@type\":\"ImageObject\",\"inLanguage\":\"en-US\",\"@id\":\"https:\/\/stylfront.pl\/#\/schema\/logo\/image\/\",\"url\":\"https:\/\/stylfront.pl\/wp-content\/uploads\/2023\/06\/logo-Stylfront.png\",\"contentUrl\":\"https:\/\/stylfront.pl\/wp-content\/uploads\/2023\/06\/logo-Stylfront.png\",\"width\":365,\"height\":100,\"caption\":\"Stylfront\"},\"image\":{\"@id\":\"https:\/\/stylfront.pl\/#\/schema\/logo\/image\/\"},\"sameAs\":[\"https:\/\/www.facebook.com\/stylfront\",\"https:\/\/www.youtube.com\/watch?v=XCCMCF2nz6M\",\"https:\/\/www.instagram.com\/stylfront\/\"]}]}<\/script>\n<!-- \/ Yoast SEO plugin. -->","yoast_head_json":{"title":"Fronty ekologiczne - Stylfront","description":"Fronty ekologiczne w 100% z recyklingu. W\u0142oski design. Ekonomicznie i ekologicznie zr\u00f3wnowa\u017cony proces produkcji.","robots":{"index":"index","follow":"follow","max-snippet":"max-snippet:-1","max-image-preview":"max-image-preview:large","max-video-preview":"max-video-preview:-1"},"canonical":"https:\/\/stylfront.pl\/en\/fronty-ekologiczne\/","og_locale":"en_US","og_type":"article","og_title":"Fronty ekologiczne - Stylfront","og_description":"Fronty ekologiczne w 100% z recyklingu. W\u0142oski design. Ekonomicznie i ekologicznie zr\u00f3wnowa\u017cony proces produkcji.","og_url":"https:\/\/stylfront.pl\/en\/fronty-ekologiczne\/","og_site_name":"Stylfront","article_publisher":"https:\/\/www.facebook.com\/stylfront","article_modified_time":"2026-02-24T06:57:52+00:00","og_image":[{"width":718,"height":328,"url":"https:\/\/stylfront.pl\/wp-content\/uploads\/2023\/07\/Dab-Antico-DR5-1.jpg","type":"image\/jpeg"}],"twitter_card":"summary_large_image","twitter_misc":{"Est. reading time":"3 minutes"},"schema":{"@context":"https:\/\/schema.org","@graph":[{"@type":"WebPage","@id":"https:\/\/stylfront.pl\/fronty-ekologiczne\/","url":"https:\/\/stylfront.pl\/fronty-ekologiczne\/","name":"Fronty ekologiczne - Stylfront","isPartOf":{"@id":"https:\/\/stylfront.pl\/#website"},"primaryImageOfPage":{"@id":"https:\/\/stylfront.pl\/fronty-ekologiczne\/#primaryimage"},"image":{"@id":"https:\/\/stylfront.pl\/fronty-ekologiczne\/#primaryimage"},"thumbnailUrl":"https:\/\/stylfront.pl\/wp-content\/uploads\/2023\/07\/Dab-Antico-DR5-1.jpg","datePublished":"2023-07-19T08:16:23+00:00","dateModified":"2026-02-24T06:57:52+00:00","description":"Fronty ekologiczne w 100% z recyklingu. W\u0142oski design. Ekonomicznie i ekologicznie zr\u00f3wnowa\u017cony proces produkcji.","breadcrumb":{"@id":"https:\/\/stylfront.pl\/fronty-ekologiczne\/#breadcrumb"},"inLanguage":"en-US","potentialAction":[{"@type":"ReadAction","target":["https:\/\/stylfront.pl\/fronty-ekologiczne\/"]}]},{"@type":"ImageObject","inLanguage":"en-US","@id":"https:\/\/stylfront.pl\/fronty-ekologiczne\/#primaryimage","url":"https:\/\/stylfront.pl\/wp-content\/uploads\/2023\/07\/Dab-Antico-DR5-1.jpg","contentUrl":"https:\/\/stylfront.pl\/wp-content\/uploads\/2023\/07\/Dab-Antico-DR5-1.jpg"},{"@type":"BreadcrumbList","@id":"https:\/\/stylfront.pl\/fronty-ekologiczne\/#breadcrumb","itemListElement":[{"@type":"ListItem","position":1,"name":"Strona g\u0142\u00f3wna","item":"https:\/\/stylfront.pl\/"},{"@type":"ListItem","position":2,"name":"Fronty ekologiczne"}]},{"@type":"WebSite","@id":"https:\/\/stylfront.pl\/#website","url":"https:\/\/stylfront.pl\/","name":"Stylfront","description":"Fronty meblowe \/ kuchenne na wymiar","publisher":{"@id":"https:\/\/stylfront.pl\/#organization"},"potentialAction":[{"@type":"SearchAction","target":{"@type":"EntryPoint","urlTemplate":"https:\/\/stylfront.pl\/?s={search_term_string}"},"query-input":{"@type":"PropertyValueSpecification","valueRequired":true,"valueName":"search_term_string"}}],"inLanguage":"en-US"},{"@type":"Organization","@id":"https:\/\/stylfront.pl\/#organization","name":"Stylfront","url":"https:\/\/stylfront.pl\/","logo":{"@type":"ImageObject","inLanguage":"en-US","@id":"https:\/\/stylfront.pl\/#\/schema\/logo\/image\/","url":"https:\/\/stylfront.pl\/wp-content\/uploads\/2023\/06\/logo-Stylfront.png","contentUrl":"https:\/\/stylfront.pl\/wp-content\/uploads\/2023\/06\/logo-Stylfront.png","width":365,"height":100,"caption":"Stylfront"},"image":{"@id":"https:\/\/stylfront.pl\/#\/schema\/logo\/image\/"},"sameAs":["https:\/\/www.facebook.com\/stylfront","https:\/\/www.youtube.com\/watch?v=XCCMCF2nz6M","https:\/\/www.instagram.com\/stylfront\/"]}]}},"_links":{"self":[{"href":"https:\/\/stylfront.pl\/en\/wp-json\/wp\/v2\/pages\/1480","targetHints":{"allow":["GET"]}}],"collection":[{"href":"https:\/\/stylfront.pl\/en\/wp-json\/wp\/v2\/pages"}],"about":[{"href":"https:\/\/stylfront.pl\/en\/wp-json\/wp\/v2\/types\/page"}],"author":[{"embeddable":true,"href":"https:\/\/stylfront.pl\/en\/wp-json\/wp\/v2\/users\/1"}],"replies":[{"embeddable":true,"href":"https:\/\/stylfront.pl\/en\/wp-json\/wp\/v2\/comments?post=1480"}],"version-history":[{"count":18,"href":"https:\/\/stylfront.pl\/en\/wp-json\/wp\/v2\/pages\/1480\/revisions"}],"predecessor-version":[{"id":3469,"href":"https:\/\/stylfront.pl\/en\/wp-json\/wp\/v2\/pages\/1480\/revisions\/3469"}],"wp:attachment":[{"href":"https:\/\/stylfront.pl\/en\/wp-json\/wp\/v2\/media?parent=1480"}],"curies":[{"name":"wp","href":"https:\/\/api.w.org\/{rel}","templated":true}]}}