{"id":146,"date":"2020-02-17T13:21:10","date_gmt":"2020-02-17T13:21:10","guid":{"rendered":"https:\/\/demosites.io\/fitness-gb\/?page_id=146"},"modified":"2025-10-07T09:48:43","modified_gmt":"2025-10-07T07:48:43","slug":"kontakt","status":"publish","type":"page","link":"https:\/\/stylfront.pl\/en\/kontakt\/","title":{"rendered":"Kontakt"},"content":{"rendered":"\n<div id=\"wp-block-themeisle-blocks-advanced-columns-ebcaae2c\" class=\"wp-block-themeisle-blocks-advanced-columns alignfull has-2-columns has-desktop-equal-layout has-tablet-equal-layout has-mobile-collapsedRows-layout has-vertical-unset\"><div class=\"wp-block-themeisle-blocks-advanced-columns-overlay\"><\/div><div class=\"innerblocks-wrap\">\n<div id=\"wp-block-themeisle-blocks-advanced-column-02d86bdf\" class=\"wp-block-themeisle-blocks-advanced-column\">\n<span id=\"wp-block-themeisle-blocks-advanced-heading-fd37afff\" class=\"wp-block-themeisle-blocks-advanced-heading wp-block-themeisle-blocks-advanced-heading-fd37afff\"><strong>SKONTAKTUJ SI\u0118 Z NAMI<\/strong><\/span>\n\n\n\n<h2 class=\"wp-block-heading wp-block-themeisle-blocks-advanced-heading wp-block-themeisle-blocks-advanced-heading-dbe2f686\" id=\"wp-block-themeisle-blocks-advanced-heading-dbe2f686\">Kontakt<\/h2>\n\n\n\n<p><strong>Stylfront Sp. j <\/strong>ul. Brylantowa 8, 82-300 Gronowo G\u00f3rne<\/p>\n\n\n\n<figure class=\"wp-block-pullquote has-text-align-left has-small-font-size\"><blockquote><p><strong>Firma tel\/fax<\/strong>: <br>+48 55 236 19 20<br><br><strong>Biuro tel. kom<\/strong>.: <br>+48\u00a0502 502 714<br>+48 502 449 591<br>+48 502 757 975<br><br><strong>e-mai<\/strong>l: biuro@stylfront.pl<br><br><\/p><\/blockquote><\/figure>\n\n\n\n<p><br><\/p>\n\n\n\n<ul class=\"wp-block-social-links is-layout-flex wp-block-social-links-is-layout-flex\"><li class=\"wp-social-link wp-social-link-facebook  wp-block-social-link\"><a href=\"https:\/\/www.facebook.com\/stylfront\" class=\"wp-block-social-link-anchor\"><svg width=\"24\" height=\"24\" viewBox=\"0 0 24 24\" version=\"1.1\" xmlns=\"http:\/\/www.w3.org\/2000\/svg\" aria-hidden=\"true\" focusable=\"false\"><path d=\"M12 2C6.5 2 2 6.5 2 12c0 5 3.7 9.1 8.4 9.9v-7H7.9V12h2.5V9.8c0-2.5 1.5-3.9 3.8-3.9 1.1 0 2.2.2 2.2.2v2.5h-1.3c-1.2 0-1.6.8-1.6 1.6V12h2.8l-.4 2.9h-2.3v7C18.3 21.1 22 17 22 12c0-5.5-4.5-10-10-10z\"><\/path><\/svg><span class=\"wp-block-social-link-label screen-reader-text\">Facebook<\/span><\/a><\/li>\n\n<li class=\"wp-social-link wp-social-link-instagram  wp-block-social-link\"><a href=\"https:\/\/www.instagram.com\/stylfront\/\" class=\"wp-block-social-link-anchor\"><svg width=\"24\" height=\"24\" viewBox=\"0 0 24 24\" version=\"1.1\" xmlns=\"http:\/\/www.w3.org\/2000\/svg\" aria-hidden=\"true\" focusable=\"false\"><path d=\"M12,4.622c2.403,0,2.688,0.009,3.637,0.052c0.877,0.04,1.354,0.187,1.671,0.31c0.42,0.163,0.72,0.358,1.035,0.673 c0.315,0.315,0.51,0.615,0.673,1.035c0.123,0.317,0.27,0.794,0.31,1.671c0.043,0.949,0.052,1.234,0.052,3.637 s-0.009,2.688-0.052,3.637c-0.04,0.877-0.187,1.354-0.31,1.671c-0.163,0.42-0.358,0.72-0.673,1.035 c-0.315,0.315-0.615,0.51-1.035,0.673c-0.317,0.123-0.794,0.27-1.671,0.31c-0.949,0.043-1.233,0.052-3.637,0.052 s-2.688-0.009-3.637-0.052c-0.877-0.04-1.354-0.187-1.671-0.31c-0.42-0.163-0.72-0.358-1.035-0.673 c-0.315-0.315-0.51-0.615-0.673-1.035c-0.123-0.317-0.27-0.794-0.31-1.671C4.631,14.688,4.622,14.403,4.622,12 s0.009-2.688,0.052-3.637c0.04-0.877,0.187-1.354,0.31-1.671c0.163-0.42,0.358-0.72,0.673-1.035 c0.315-0.315,0.615-0.51,1.035-0.673c0.317-0.123,0.794-0.27,1.671-0.31C9.312,4.631,9.597,4.622,12,4.622 M12,3 C9.556,3,9.249,3.01,8.289,3.054C7.331,3.098,6.677,3.25,6.105,3.472C5.513,3.702,5.011,4.01,4.511,4.511 c-0.5,0.5-0.808,1.002-1.038,1.594C3.25,6.677,3.098,7.331,3.054,8.289C3.01,9.249,3,9.556,3,12c0,2.444,0.01,2.751,0.054,3.711 c0.044,0.958,0.196,1.612,0.418,2.185c0.23,0.592,0.538,1.094,1.038,1.594c0.5,0.5,1.002,0.808,1.594,1.038 c0.572,0.222,1.227,0.375,2.185,0.418C9.249,20.99,9.556,21,12,21s2.751-0.01,3.711-0.054c0.958-0.044,1.612-0.196,2.185-0.418 c0.592-0.23,1.094-0.538,1.594-1.038c0.5-0.5,0.808-1.002,1.038-1.594c0.222-0.572,0.375-1.227,0.418-2.185 C20.99,14.751,21,14.444,21,12s-0.01-2.751-0.054-3.711c-0.044-0.958-0.196-1.612-0.418-2.185c-0.23-0.592-0.538-1.094-1.038-1.594 c-0.5-0.5-1.002-0.808-1.594-1.038c-0.572-0.222-1.227-0.375-2.185-0.418C14.751,3.01,14.444,3,12,3L12,3z M12,7.378 c-2.552,0-4.622,2.069-4.622,4.622S9.448,16.622,12,16.622s4.622-2.069,4.622-4.622S14.552,7.378,12,7.378z M12,15 c-1.657,0-3-1.343-3-3s1.343-3,3-3s3,1.343,3,3S13.657,15,12,15z M16.804,6.116c-0.596,0-1.08,0.484-1.08,1.08 s0.484,1.08,1.08,1.08c0.596,0,1.08-0.484,1.08-1.08S17.401,6.116,16.804,6.116z\"><\/path><\/svg><span class=\"wp-block-social-link-label screen-reader-text\">Instagram<\/span><\/a><\/li><\/ul>\n<\/div>\n\n\n\n<div id=\"wp-block-themeisle-blocks-advanced-column-99e1169d\" class=\"wp-block-themeisle-blocks-advanced-column\"><div class=\"wp-block-themeisle-blocks-advanced-column-overlay\"><\/div>\n<div id=\"wp-block-themeisle-blocks-form-4460aba6\" class=\"wp-block-themeisle-blocks-form\" data-option-name=\"bf9b28ff82ce323187abc5d0feb0d8f07ecd8436_4460aba6\"><form class=\"otter-form__container\">\n<div id=\"wp-block-themeisle-blocks-form-input-1fa5a8b7\" class=\"wp-block-themeisle-blocks-form-input\"><label for=\"wp-block-themeisle-blocks-form-input-1fa5a8b7-input\" class=\"otter-form-input-label\"><span class=\"otter-form-input-label__label\">Imi\u0119 i nazwisko<\/span><span class=\"required\">*<\/span><\/label><input type=\"text\" id=\"wp-block-themeisle-blocks-form-input-1fa5a8b7-input\" required placeholder=\"Twoje imi\u0119 i nazwisko\" class=\"otter-form-input\"\/><\/div>\n\n\n\n<div id=\"wp-block-themeisle-blocks-form-input-9a639ae0\" class=\"wp-block-themeisle-blocks-form-input\"><label for=\"wp-block-themeisle-blocks-form-input-9a639ae0-input\" class=\"otter-form-input-label\"><span class=\"otter-form-input-label__label\">Email<\/span><span class=\"required\">*<\/span><\/label><input type=\"email\" id=\"wp-block-themeisle-blocks-form-input-9a639ae0-input\" required placeholder=\"Adres email\" class=\"otter-form-input\"\/><\/div>\n\n\n\n<div id=\"wp-block-themeisle-blocks-form-input-63399cc3\" class=\"wp-block-themeisle-blocks-form-input\"><label for=\"wp-block-themeisle-blocks-form-input-63399cc3-input\" class=\"otter-form-input-label\"><span class=\"otter-form-input-label__label\">Telefon<\/span><span class=\"required\">*<\/span><\/label><input type=\"number\" id=\"wp-block-themeisle-blocks-form-input-63399cc3-input\" required placeholder=\"Nr telefonu\" class=\"otter-form-input\"\/><\/div>\n\n\n\n<div id=\"wp-block-themeisle-blocks-form-textarea-7209dff5\" class=\"wp-block-themeisle-blocks-form-textarea\"><label for=\"wp-block-themeisle-blocks-form-textarea-7209dff5-input\" class=\"otter-form-textarea-label\"><span class=\"otter-form-textarea-label__label\">Wiadomo\u015b\u0107<\/span><span class=\"required\">*<\/span><\/label><textarea id=\"wp-block-themeisle-blocks-form-textarea-7209dff5-input\" required placeholder=\"Twoja wiadomo\u015b\u0107\" rows=\"10\" class=\"otter-form-textarea-input\"><\/textarea><\/div>\n\n\n<div class=\"protection\" aria-hidden=\"true\"><input type=\"hidden\" id=\"wp-block-themeisle-blocks-form-4460aba6_nonce_field\" name=\"wp-block-themeisle-blocks-form-4460aba6_nonce_field\" value=\"567b91a9c5\" \/><input type=\"hidden\" name=\"_wp_http_referer\" value=\"\/en\/wp-json\/wp\/v2\/pages\/146\" \/><input class=\"o-anti-bot\" type=\"checkbox\"><\/div><div class=\"wp-block-button\"><button class=\"wp-block-button__link\" type=\"submit\">Wy\u015blij<\/button><\/div><\/form><\/div>\n<\/div>\n<\/div><\/div>\n\n\n\n<div id=\"wp-block-themeisle-blocks-advanced-columns-bd68eec5\" class=\"wp-block-themeisle-blocks-advanced-columns alignfull has-2-columns has-desktop-equal-layout has-tablet-equal-layout has-mobile-collapsedRows-layout has-vertical-unset\"><div class=\"wp-block-themeisle-blocks-advanced-columns-overlay\"><\/div><div class=\"innerblocks-wrap\">\n<div id=\"wp-block-themeisle-blocks-advanced-column-cc11e9f9\" class=\"wp-block-themeisle-blocks-advanced-column\">\n<span id=\"wp-block-themeisle-blocks-advanced-heading-15aa0350\" class=\"wp-block-themeisle-blocks-advanced-heading wp-block-themeisle-blocks-advanced-heading-15aa0350\"><strong>ZAM\u00d3W ONLINE<\/strong><\/span>\n\n\n\n<h2 class=\"wp-block-heading wp-block-themeisle-blocks-advanced-heading wp-block-themeisle-blocks-advanced-heading-dbe2f686\" id=\"wp-block-themeisle-blocks-advanced-heading-dbe2f686\">Zam\u00f3wienia na fronty akrylowe<\/h2>\n\n\n\n<p>Wsp\u00f3\u0142pracujesz z nami? <a href=\"https:\/\/zamowienia-stylfront.pl\/zarejestruj\">Zarejestruj si\u0119 do naszego systemu zam\u00f3wie\u0144<\/a> <\/p>\n\n\n\n<p>Je\u015bli potrzebujesz pomocy przy rejestracji &#8211; <a href=\"https:\/\/zamowienia-stylfront.pl\/registrationinfo\">sprawd\u017a instrukcj\u0119<\/a> <br>lub skontaktuj si\u0119 z nami mailowo, a my zajmiemy si\u0119 reszt\u0105.<\/p>\n\n\n\n<p>e-mail: biuro@stylfront.pl<br>e-mail: dominik.wagner@stylfront.pl<\/p>\n\n\n\n<p><\/p>\n\n\n\n<p><\/p>\n<\/div>\n\n\n\n<div id=\"wp-block-themeisle-blocks-advanced-column-2a3c4a87\" class=\"wp-block-themeisle-blocks-advanced-column\">\n<figure class=\"wp-block-gallery has-nested-images columns-default is-cropped wp-block-gallery-1 is-layout-flex wp-block-gallery-is-layout-flex\">\n<figure class=\"wp-block-image size-large is-style-rounded\" id=\"wp-block-themeisle-blocks-image-b903ab66\"><img fetchpriority=\"high\" decoding=\"async\" width=\"799\" height=\"1024\" data-id=\"2584\" src=\"https:\/\/stylfront.pl\/wp-content\/uploads\/2024\/12\/Jaga-Kraupe-REHAU_RAUVISIO-brilliant-noble-matt2-799x1024.jpg\" alt=\"\" class=\"wp-image-2584\" srcset=\"https:\/\/stylfront.pl\/wp-content\/uploads\/2024\/12\/Jaga-Kraupe-REHAU_RAUVISIO-brilliant-noble-matt2-799x1024.jpg 799w, https:\/\/stylfront.pl\/wp-content\/uploads\/2024\/12\/Jaga-Kraupe-REHAU_RAUVISIO-brilliant-noble-matt2-234x300.jpg 234w, https:\/\/stylfront.pl\/wp-content\/uploads\/2024\/12\/Jaga-Kraupe-REHAU_RAUVISIO-brilliant-noble-matt2-768x985.jpg 768w, https:\/\/stylfront.pl\/wp-content\/uploads\/2024\/12\/Jaga-Kraupe-REHAU_RAUVISIO-brilliant-noble-matt2-1198x1536.jpg 1198w, https:\/\/stylfront.pl\/wp-content\/uploads\/2024\/12\/Jaga-Kraupe-REHAU_RAUVISIO-brilliant-noble-matt2-1598x2048.jpg 1598w, https:\/\/stylfront.pl\/wp-content\/uploads\/2024\/12\/Jaga-Kraupe-REHAU_RAUVISIO-brilliant-noble-matt2-200x256.jpg 200w, https:\/\/stylfront.pl\/wp-content\/uploads\/2024\/12\/Jaga-Kraupe-REHAU_RAUVISIO-brilliant-noble-matt2-scaled.jpg 1997w\" sizes=\"(max-width: 799px) 100vw, 799px\" \/><\/figure>\n<\/figure>\n<\/div>\n<\/div><\/div>\n\n\n\n<p><\/p>\n","protected":false},"excerpt":{"rendered":"","protected":false},"author":1,"featured_media":0,"parent":0,"menu_order":0,"comment_status":"closed","ping_status":"closed","template":"page-templates\/template-pagebuilder-full-width.php","meta":{"neve_meta_sidebar":"full-width","neve_meta_container":"","neve_meta_enable_content_width":"on","neve_meta_content_width":100,"neve_meta_title_alignment":"","neve_meta_author_avatar":"","neve_post_elements_order":"","neve_meta_disable_header":"","neve_meta_disable_footer":"","neve_meta_disable_title":"","neve_meta_reading_time":"","_themeisle_gutenberg_block_has_review":false,"footnotes":""},"class_list":["post-146","page","type-page","status-publish","hentry"],"yoast_head":"<!-- This site is optimized with the Yoast SEO plugin v26.7 - https:\/\/yoast.com\/wordpress\/plugins\/seo\/ -->\n<title>Kontakt - Stylfront<\/title>\n<meta name=\"description\" content=\"Dane adresowe i kontaktowe do konkretnych dzia\u0142\u00f3w fabryki front\u00f3w meblowych Stylfront.\" \/>\n<meta name=\"robots\" content=\"index, follow, max-snippet:-1, max-image-preview:large, max-video-preview:-1\" \/>\n<link rel=\"canonical\" href=\"https:\/\/stylfront.pl\/en\/kontakt\/\" \/>\n<meta property=\"og:locale\" content=\"en_US\" \/>\n<meta property=\"og:locale:alternate\" content=\"pl_PL\" \/>\n<meta property=\"og:type\" content=\"article\" \/>\n<meta property=\"og:title\" content=\"Kontakt - Stylfront\" \/>\n<meta property=\"og:description\" content=\"Dane adresowe i kontaktowe do konkretnych dzia\u0142\u00f3w fabryki front\u00f3w meblowych Stylfront.\" \/>\n<meta property=\"og:url\" content=\"https:\/\/stylfront.pl\/en\/kontakt\/\" \/>\n<meta property=\"og:site_name\" content=\"Stylfront\" \/>\n<meta property=\"article:publisher\" content=\"https:\/\/www.facebook.com\/stylfront\" \/>\n<meta property=\"article:modified_time\" content=\"2025-10-07T07:48:43+00:00\" \/>\n<meta property=\"og:image\" content=\"https:\/\/stylfront.pl\/wp-content\/uploads\/2024\/12\/Jaga-Kraupe-REHAU_RAUVISIO-brilliant-noble-matt2-scaled.jpg\" \/>\n\t<meta property=\"og:image:width\" content=\"1997\" \/>\n\t<meta property=\"og:image:height\" content=\"2560\" \/>\n\t<meta property=\"og:image:type\" content=\"image\/jpeg\" \/>\n<meta name=\"twitter:card\" content=\"summary_large_image\" \/>\n<meta name=\"twitter:label1\" content=\"Est. reading time\" \/>\n\t<meta name=\"twitter:data1\" content=\"1 minute\" \/>\n<script type=\"application\/ld+json\" class=\"yoast-schema-graph\">{\"@context\":\"https:\/\/schema.org\",\"@graph\":[{\"@type\":\"WebPage\",\"@id\":\"https:\/\/stylfront.pl\/kontakt\/\",\"url\":\"https:\/\/stylfront.pl\/kontakt\/\",\"name\":\"Kontakt - Stylfront\",\"isPartOf\":{\"@id\":\"https:\/\/stylfront.pl\/#website\"},\"primaryImageOfPage\":{\"@id\":\"https:\/\/stylfront.pl\/kontakt\/#primaryimage\"},\"image\":{\"@id\":\"https:\/\/stylfront.pl\/kontakt\/#primaryimage\"},\"thumbnailUrl\":\"https:\/\/stylfront.pl\/wp-content\/uploads\/2024\/12\/Jaga-Kraupe-REHAU_RAUVISIO-brilliant-noble-matt2-799x1024.jpg\",\"datePublished\":\"2020-02-17T13:21:10+00:00\",\"dateModified\":\"2025-10-07T07:48:43+00:00\",\"description\":\"Dane adresowe i kontaktowe do konkretnych dzia\u0142\u00f3w fabryki front\u00f3w meblowych Stylfront.\",\"breadcrumb\":{\"@id\":\"https:\/\/stylfront.pl\/kontakt\/#breadcrumb\"},\"inLanguage\":\"en-US\",\"potentialAction\":[{\"@type\":\"ReadAction\",\"target\":[\"https:\/\/stylfront.pl\/kontakt\/\"]}]},{\"@type\":\"ImageObject\",\"inLanguage\":\"en-US\",\"@id\":\"https:\/\/stylfront.pl\/kontakt\/#primaryimage\",\"url\":\"https:\/\/stylfront.pl\/wp-content\/uploads\/2024\/12\/Jaga-Kraupe-REHAU_RAUVISIO-brilliant-noble-matt2-799x1024.jpg\",\"contentUrl\":\"https:\/\/stylfront.pl\/wp-content\/uploads\/2024\/12\/Jaga-Kraupe-REHAU_RAUVISIO-brilliant-noble-matt2-799x1024.jpg\"},{\"@type\":\"BreadcrumbList\",\"@id\":\"https:\/\/stylfront.pl\/kontakt\/#breadcrumb\",\"itemListElement\":[{\"@type\":\"ListItem\",\"position\":1,\"name\":\"Strona g\u0142\u00f3wna\",\"item\":\"https:\/\/stylfront.pl\/\"},{\"@type\":\"ListItem\",\"position\":2,\"name\":\"Kontakt\"}]},{\"@type\":\"WebSite\",\"@id\":\"https:\/\/stylfront.pl\/#website\",\"url\":\"https:\/\/stylfront.pl\/\",\"name\":\"Stylfront\",\"description\":\"Fronty meblowe \/ kuchenne na wymiar\",\"publisher\":{\"@id\":\"https:\/\/stylfront.pl\/#organization\"},\"potentialAction\":[{\"@type\":\"SearchAction\",\"target\":{\"@type\":\"EntryPoint\",\"urlTemplate\":\"https:\/\/stylfront.pl\/?s={search_term_string}\"},\"query-input\":{\"@type\":\"PropertyValueSpecification\",\"valueRequired\":true,\"valueName\":\"search_term_string\"}}],\"inLanguage\":\"en-US\"},{\"@type\":\"Organization\",\"@id\":\"https:\/\/stylfront.pl\/#organization\",\"name\":\"Stylfront\",\"url\":\"https:\/\/stylfront.pl\/\",\"logo\":{\"@type\":\"ImageObject\",\"inLanguage\":\"en-US\",\"@id\":\"https:\/\/stylfront.pl\/#\/schema\/logo\/image\/\",\"url\":\"https:\/\/stylfront.pl\/wp-content\/uploads\/2023\/06\/logo-Stylfront.png\",\"contentUrl\":\"https:\/\/stylfront.pl\/wp-content\/uploads\/2023\/06\/logo-Stylfront.png\",\"width\":365,\"height\":100,\"caption\":\"Stylfront\"},\"image\":{\"@id\":\"https:\/\/stylfront.pl\/#\/schema\/logo\/image\/\"},\"sameAs\":[\"https:\/\/www.facebook.com\/stylfront\",\"https:\/\/www.youtube.com\/watch?v=XCCMCF2nz6M\",\"https:\/\/www.instagram.com\/stylfront\/\"]}]}<\/script>\n<!-- \/ Yoast SEO plugin. -->","yoast_head_json":{"title":"Kontakt - Stylfront","description":"Dane adresowe i kontaktowe do konkretnych dzia\u0142\u00f3w fabryki front\u00f3w meblowych Stylfront.","robots":{"index":"index","follow":"follow","max-snippet":"max-snippet:-1","max-image-preview":"max-image-preview:large","max-video-preview":"max-video-preview:-1"},"canonical":"https:\/\/stylfront.pl\/en\/kontakt\/","og_locale":"en_US","og_type":"article","og_title":"Kontakt - Stylfront","og_description":"Dane adresowe i kontaktowe do konkretnych dzia\u0142\u00f3w fabryki front\u00f3w meblowych Stylfront.","og_url":"https:\/\/stylfront.pl\/en\/kontakt\/","og_site_name":"Stylfront","article_publisher":"https:\/\/www.facebook.com\/stylfront","article_modified_time":"2025-10-07T07:48:43+00:00","og_image":[{"width":1997,"height":2560,"url":"https:\/\/stylfront.pl\/wp-content\/uploads\/2024\/12\/Jaga-Kraupe-REHAU_RAUVISIO-brilliant-noble-matt2-scaled.jpg","type":"image\/jpeg"}],"twitter_card":"summary_large_image","twitter_misc":{"Est. reading time":"1 minute"},"schema":{"@context":"https:\/\/schema.org","@graph":[{"@type":"WebPage","@id":"https:\/\/stylfront.pl\/kontakt\/","url":"https:\/\/stylfront.pl\/kontakt\/","name":"Kontakt - Stylfront","isPartOf":{"@id":"https:\/\/stylfront.pl\/#website"},"primaryImageOfPage":{"@id":"https:\/\/stylfront.pl\/kontakt\/#primaryimage"},"image":{"@id":"https:\/\/stylfront.pl\/kontakt\/#primaryimage"},"thumbnailUrl":"https:\/\/stylfront.pl\/wp-content\/uploads\/2024\/12\/Jaga-Kraupe-REHAU_RAUVISIO-brilliant-noble-matt2-799x1024.jpg","datePublished":"2020-02-17T13:21:10+00:00","dateModified":"2025-10-07T07:48:43+00:00","description":"Dane adresowe i kontaktowe do konkretnych dzia\u0142\u00f3w fabryki front\u00f3w meblowych Stylfront.","breadcrumb":{"@id":"https:\/\/stylfront.pl\/kontakt\/#breadcrumb"},"inLanguage":"en-US","potentialAction":[{"@type":"ReadAction","target":["https:\/\/stylfront.pl\/kontakt\/"]}]},{"@type":"ImageObject","inLanguage":"en-US","@id":"https:\/\/stylfront.pl\/kontakt\/#primaryimage","url":"https:\/\/stylfront.pl\/wp-content\/uploads\/2024\/12\/Jaga-Kraupe-REHAU_RAUVISIO-brilliant-noble-matt2-799x1024.jpg","contentUrl":"https:\/\/stylfront.pl\/wp-content\/uploads\/2024\/12\/Jaga-Kraupe-REHAU_RAUVISIO-brilliant-noble-matt2-799x1024.jpg"},{"@type":"BreadcrumbList","@id":"https:\/\/stylfront.pl\/kontakt\/#breadcrumb","itemListElement":[{"@type":"ListItem","position":1,"name":"Strona g\u0142\u00f3wna","item":"https:\/\/stylfront.pl\/"},{"@type":"ListItem","position":2,"name":"Kontakt"}]},{"@type":"WebSite","@id":"https:\/\/stylfront.pl\/#website","url":"https:\/\/stylfront.pl\/","name":"Stylfront","description":"Fronty meblowe \/ kuchenne na wymiar","publisher":{"@id":"https:\/\/stylfront.pl\/#organization"},"potentialAction":[{"@type":"SearchAction","target":{"@type":"EntryPoint","urlTemplate":"https:\/\/stylfront.pl\/?s={search_term_string}"},"query-input":{"@type":"PropertyValueSpecification","valueRequired":true,"valueName":"search_term_string"}}],"inLanguage":"en-US"},{"@type":"Organization","@id":"https:\/\/stylfront.pl\/#organization","name":"Stylfront","url":"https:\/\/stylfront.pl\/","logo":{"@type":"ImageObject","inLanguage":"en-US","@id":"https:\/\/stylfront.pl\/#\/schema\/logo\/image\/","url":"https:\/\/stylfront.pl\/wp-content\/uploads\/2023\/06\/logo-Stylfront.png","contentUrl":"https:\/\/stylfront.pl\/wp-content\/uploads\/2023\/06\/logo-Stylfront.png","width":365,"height":100,"caption":"Stylfront"},"image":{"@id":"https:\/\/stylfront.pl\/#\/schema\/logo\/image\/"},"sameAs":["https:\/\/www.facebook.com\/stylfront","https:\/\/www.youtube.com\/watch?v=XCCMCF2nz6M","https:\/\/www.instagram.com\/stylfront\/"]}]}},"_links":{"self":[{"href":"https:\/\/stylfront.pl\/en\/wp-json\/wp\/v2\/pages\/146","targetHints":{"allow":["GET"]}}],"collection":[{"href":"https:\/\/stylfront.pl\/en\/wp-json\/wp\/v2\/pages"}],"about":[{"href":"https:\/\/stylfront.pl\/en\/wp-json\/wp\/v2\/types\/page"}],"author":[{"embeddable":true,"href":"https:\/\/stylfront.pl\/en\/wp-json\/wp\/v2\/users\/1"}],"replies":[{"embeddable":true,"href":"https:\/\/stylfront.pl\/en\/wp-json\/wp\/v2\/comments?post=146"}],"version-history":[{"count":31,"href":"https:\/\/stylfront.pl\/en\/wp-json\/wp\/v2\/pages\/146\/revisions"}],"predecessor-version":[{"id":3413,"href":"https:\/\/stylfront.pl\/en\/wp-json\/wp\/v2\/pages\/146\/revisions\/3413"}],"wp:attachment":[{"href":"https:\/\/stylfront.pl\/en\/wp-json\/wp\/v2\/media?parent=146"}],"curies":[{"name":"wp","href":"https:\/\/api.w.org\/{rel}","templated":true}]}}